{"id":3,"date":"2024-11-04T17:53:42","date_gmt":"2024-11-04T17:53:42","guid":{"rendered":"https:\/\/ghibiciconstruction.lu\/?page_id=3"},"modified":"2024-12-06T14:16:23","modified_gmt":"2024-12-06T14:16:23","slug":"politique-de-confidentialite","status":"publish","type":"page","link":"https:\/\/ghibiciconstruction.lu\/en\/politique-de-confidentialite\/","title":{"rendered":"Privacy policy"},"content":{"rendered":"<div data-elementor-type=\"wp-page\" data-elementor-id=\"3\" class=\"elementor elementor-3\" data-elementor-post-type=\"page\">\n\t\t\t\t<div class=\"elementor-element elementor-element-e88d901 e-flex e-con-boxed e-con e-parent\" data-id=\"e88d901\" data-element_type=\"container\">\n\t\t\t\t\t<div class=\"e-con-inner\">\n\t\t\t\t<div class=\"elementor-element elementor-element-a33c104 elementor-widget elementor-widget-ld_breadcrumb\" data-id=\"a33c104\" data-element_type=\"widget\" data-widget_type=\"ld_breadcrumb.default\">\n\t\t\t\t<div class=\"elementor-widget-container\">\n\t\t\t<div class=\"lqd-breadcrumb-wrapper\"><nav role=\"navigation\" aria-label=\"Breadcrumbs\" class=\"breadcrumbs\"><ol class=\"breadcrumb reset-ul inline-nav inline-ul comma-sep-li\"><li class=\"breadcrumb-item active\"><a href=\"https:\/\/ghibiciconstruction.lu\/en\" rel=\"home\"><span>Home<\/span><\/a><\/li><\/ol><\/nav><\/div>\t\t<\/div>\n\t\t\t\t<\/div>\n\t\t\t\t\t<\/div>\n\t\t\t\t<\/div>\n\t\t<div class=\"elementor-element elementor-element-8ae3523 e-flex e-con-boxed e-con e-parent\" data-id=\"8ae3523\" data-element_type=\"container\">\n\t\t\t\t\t<div class=\"e-con-inner\">\n\t\t<div class=\"elementor-element elementor-element-77f6edb e-con-full e-flex e-con e-child\" data-id=\"77f6edb\" data-element_type=\"container\">\n\t\t\t\t<div class=\"elementor-element elementor-element-3c26878 elementor-align-left elementor-widget elementor-widget-ld_button\" data-id=\"3c26878\" data-element_type=\"widget\" data-widget_type=\"ld_button.default\">\n\t\t\t\t<div class=\"elementor-widget-container\">\n\t\t\t\n\t\t\t<a\n\t\t\t\thref=\"\/en\/question-frequemment-posee\/\"class=\"elementor-button btn btn-solid btn-block btn-icon-right btn-has-label\"\t\t\t>\n\t\t\t\t\t\t\t\t\t<span data-text=\"Question fr\u00e9quemment pos\u00e9e\" class=\"btn-txt\">\n\t\t\t\t\t\tFrequently asked questions\t\t\t\t\t<\/span>\n\t\t\t\t\t\t\t\t\t\t\t\t\t\t<span class=\"btn-icon\">\n\t\t\t\t\t\t\t<svg aria-hidden=\"true\" class=\"e-font-icon-svg e-fas-arrow-right\" viewbox=\"0 0 448 512\" xmlns=\"http:\/\/www.w3.org\/2000\/svg\"><path d=\"M190.5 66.9l22.2-22.2c9.4-9.4 24.6-9.4 33.9 0L441 239c9.4 9.4 9.4 24.6 0 33.9L246.6 467.3c-9.4 9.4-24.6 9.4-33.9 0l-22.2-22.2c-9.5-9.5-9.3-25 .4-34.3L311.4 296H24c-13.3 0-24-10.7-24-24v-32c0-13.3 10.7-24 24-24h287.4L190.9 101.2c-9.8-9.3-10-24.8-.4-34.3z\"><\/path><\/svg>\t\t\t\t\t\t<\/span>\n\t\t\t\t\t\t\t\t\t<\/a>\n\t\t\t\t\t<\/div>\n\t\t\t\t<\/div>\n\t\t\t\t<div class=\"elementor-element elementor-element-2276bcd elementor-align-left elementor-widget elementor-widget-ld_button\" data-id=\"2276bcd\" data-element_type=\"widget\" data-widget_type=\"ld_button.default\">\n\t\t\t\t<div class=\"elementor-widget-container\">\n\t\t\t\n\t\t\t<a\n\t\t\t\thref=\"\/en\/politique-de-confidentialite\/\"class=\"elementor-button btn btn-solid btn-block btn-icon-right btn-has-label\"\t\t\t>\n\t\t\t\t\t\t\t\t\t<span data-text=\"Question fr\u00e9quemment pos\u00e9e\" class=\"btn-txt\">\n\t\t\t\t\t\tFrequently asked questions\t\t\t\t\t<\/span>\n\t\t\t\t\t\t\t\t\t\t\t\t\t\t<span class=\"btn-icon\">\n\t\t\t\t\t\t\t<svg aria-hidden=\"true\" class=\"e-font-icon-svg e-fas-arrow-right\" viewbox=\"0 0 448 512\" xmlns=\"http:\/\/www.w3.org\/2000\/svg\"><path d=\"M190.5 66.9l22.2-22.2c9.4-9.4 24.6-9.4 33.9 0L441 239c9.4 9.4 9.4 24.6 0 33.9L246.6 467.3c-9.4 9.4-24.6 9.4-33.9 0l-22.2-22.2c-9.5-9.5-9.3-25 .4-34.3L311.4 296H24c-13.3 0-24-10.7-24-24v-32c0-13.3 10.7-24 24-24h287.4L190.9 101.2c-9.8-9.3-10-24.8-.4-34.3z\"><\/path><\/svg>\t\t\t\t\t\t<\/span>\n\t\t\t\t\t\t\t\t\t<\/a>\n\t\t\t\t\t<\/div>\n\t\t\t\t<\/div>\n\t\t\t\t<\/div>\n\t\t<div class=\"elementor-element elementor-element-14e64a1 e-con-full e-flex e-con e-child\" data-id=\"14e64a1\" data-element_type=\"container\">\n\t\t\t\t<div class=\"elementor-element elementor-element-4a43783 elementor-widget elementor-widget-ld_accordion\" data-id=\"4a43783\" data-element_type=\"widget\" data-widget_type=\"ld_accordion.default\">\n\t\t\t\t<div class=\"elementor-widget-container\">\n\t\t\t\n\t\t<div class=\"accordion accordion-md\" id=\"accordion-69ebde6f31dcd\" role=\"tablist\" aria-multiselectable=\"true\">\n\t\t\t\t\t\t\t\t\t\t\t\t<div class=\"accordion-item panel  active\">\n\n\t\t\t\t<div class=\"accordion-heading\" role=\"tab\" id=\"heading-7781\">\n\t\t\t\t<h3 class=\"accordion-title  tabindex=\"-1\">\t\t\t\t\t<a class=\"\" role=\"button\" data-toggle=\"collapse\" data-bs-toggle=\"collapse\"\n                    tabindex=\"0\"\n\t\t\t\t\tdata-parent=\"#accordion-69ebde6f31dcd\" data-bs-parent=\"#accordion-69ebde6f31dcd\" href=\"#collapse-7781\" data-target=\"#collapse-7781\" data-bs-target=\"#collapse-7781\"\n\t\t\t\t\taria-expanded=\"true\" aria-controls=\"collapse-7781\">\n\t\t\t\t\t\t\t\t\t\t\t\t<span class=\"accordion-title-txt\">What types of work do you offer?<\/span>\n\t\t\t\t\t\t\t\t\t\t\t\t\t<span class=\"accordion-expander\"><i class=\"fas fa-plus\"><\/i><i class=\"fas fa-minus\"><\/i><\/span>\t\t\t\t\t\t\t\t\t\t\t<\/a>\n\t\t\t\t<\/h3>\t\t\t\t<\/div>\n\n\t\t\t\t<div id=\"collapse-7781\" class=\"accordion-collapse collapse  show\" data-bs-parent=\"#accordion-69ebde6f31dcd\" role=\"tabpanel\" aria-labelledby=\"heading-7781\">\n\n\t\t\t\t<div class=\"accordion-content\">\n\t\t\t\t\t<p>We offer a wide range of services, including the renovation of houses and apartments, kitchen and bathroom remodeling, window and door replacement, installation of flooring and tiles, as well as electrical work, plumbing, heating, and garden landscaping.<\/p>\t\t\t\t<\/div>\n\n\t\t\t\t<\/div>\n\n\t\t\t<\/div>\n\t\t\t\t\t\t\t\t\t<div class=\"accordion-item panel\">\n\n\t\t\t\t<div class=\"accordion-heading\" role=\"tab\" id=\"heading-7782\">\n\t\t\t\t<h3 class=\"accordion-title  tabindex=\"-1\">\t\t\t\t\t<a class=\"collapsed\" role=\"button\" data-toggle=\"collapse\" data-bs-toggle=\"collapse\"\n                    tabindex=\"0\"\n\t\t\t\t\tdata-parent=\"#accordion-69ebde6f31dcd\" data-bs-parent=\"#accordion-69ebde6f31dcd\" href=\"#collapse-7782\" data-target=\"#collapse-7782\" data-bs-target=\"#collapse-7782\"\n\t\t\t\t\taria-expanded=\"false\" aria-controls=\"collapse-7782\">\n\t\t\t\t\t\t\t\t\t\t\t\t<span class=\"accordion-title-txt\">Do you operate throughout Luxembourg?<\/span>\n\t\t\t\t\t\t\t\t\t\t\t\t\t<span class=\"accordion-expander\"><i class=\"fas fa-plus\"><\/i><i class=\"fas fa-minus\"><\/i><\/span>\t\t\t\t\t\t\t\t\t\t\t<\/a>\n\t\t\t\t<\/h3>\t\t\t\t<\/div>\n\n\t\t\t\t<div id=\"collapse-7782\" class=\"accordion-collapse collapse\" data-bs-parent=\"#accordion-69ebde6f31dcd\" role=\"tabpanel\" aria-labelledby=\"heading-7782\">\n\n\t\t\t\t<div class=\"accordion-content\">\n\t\t\t\t\t<p>Yes, we cover the entire Luxembourg territory. No matter where your project is located, our team is ready to travel to offer you quality service.<\/p>\t\t\t\t<\/div>\n\n\t\t\t\t<\/div>\n\n\t\t\t<\/div>\n\t\t\t\t\t\t\t\t\t<div class=\"accordion-item panel\">\n\n\t\t\t\t<div class=\"accordion-heading\" role=\"tab\" id=\"heading-7783\">\n\t\t\t\t<h3 class=\"accordion-title  tabindex=\"-1\">\t\t\t\t\t<a class=\"collapsed\" role=\"button\" data-toggle=\"collapse\" data-bs-toggle=\"collapse\"\n                    tabindex=\"0\"\n\t\t\t\t\tdata-parent=\"#accordion-69ebde6f31dcd\" data-bs-parent=\"#accordion-69ebde6f31dcd\" href=\"#collapse-7783\" data-target=\"#collapse-7783\" data-bs-target=\"#collapse-7783\"\n\t\t\t\t\taria-expanded=\"false\" aria-controls=\"collapse-7783\">\n\t\t\t\t\t\t\t\t\t\t\t\t<span class=\"accordion-title-txt\">How long does a renovation take?<\/span>\n\t\t\t\t\t\t\t\t\t\t\t\t\t<span class=\"accordion-expander\"><i class=\"fas fa-plus\"><\/i><i class=\"fas fa-minus\"><\/i><\/span>\t\t\t\t\t\t\t\t\t\t\t<\/a>\n\t\t\t\t<\/h3>\t\t\t\t<\/div>\n\n\t\t\t\t<div id=\"collapse-7783\" class=\"accordion-collapse collapse\" data-bs-parent=\"#accordion-69ebde6f31dcd\" role=\"tabpanel\" aria-labelledby=\"heading-7783\">\n\n\t\t\t\t<div class=\"accordion-content\">\n\t\t\t\t\t<p>The duration depends on the scale and complexity of the project. After an initial consultation and assessment of the work, we will provide you with a detailed and realistic schedule.<\/p>\t\t\t\t<\/div>\n\n\t\t\t\t<\/div>\n\n\t\t\t<\/div>\n\t\t\t\t\t\t\t\t\t<div class=\"accordion-item panel\">\n\n\t\t\t\t<div class=\"accordion-heading\" role=\"tab\" id=\"heading-7784\">\n\t\t\t\t<h3 class=\"accordion-title  tabindex=\"-1\">\t\t\t\t\t<a class=\"collapsed\" role=\"button\" data-toggle=\"collapse\" data-bs-toggle=\"collapse\"\n                    tabindex=\"0\"\n\t\t\t\t\tdata-parent=\"#accordion-69ebde6f31dcd\" data-bs-parent=\"#accordion-69ebde6f31dcd\" href=\"#collapse-7784\" data-target=\"#collapse-7784\" data-bs-target=\"#collapse-7784\"\n\t\t\t\t\taria-expanded=\"false\" aria-controls=\"collapse-7784\">\n\t\t\t\t\t\t\t\t\t\t\t\t<span class=\"accordion-title-txt\">Do you offer a free quote?<\/span>\n\t\t\t\t\t\t\t\t\t\t\t\t\t<span class=\"accordion-expander\"><i class=\"fas fa-plus\"><\/i><i class=\"fas fa-minus\"><\/i><\/span>\t\t\t\t\t\t\t\t\t\t\t<\/a>\n\t\t\t\t<\/h3>\t\t\t\t<\/div>\n\n\t\t\t\t<div id=\"collapse-7784\" class=\"accordion-collapse collapse\" data-bs-parent=\"#accordion-69ebde6f31dcd\" role=\"tabpanel\" aria-labelledby=\"heading-7784\">\n\n\t\t\t\t<div class=\"accordion-content\">\n\t\t\t\t\t<p>Absolutely ! We offer a free estimate for all types of projects. Contact us to discuss your needs, and we will provide you with an accurate, personalized estimate.<\/p>\t\t\t\t<\/div>\n\n\t\t\t\t<\/div>\n\n\t\t\t<\/div>\n\t\t\t\t\t\t\t\t\t<div class=\"accordion-item panel\">\n\n\t\t\t\t<div class=\"accordion-heading\" role=\"tab\" id=\"heading-7785\">\n\t\t\t\t<h3 class=\"accordion-title  tabindex=\"-1\">\t\t\t\t\t<a class=\"collapsed\" role=\"button\" data-toggle=\"collapse\" data-bs-toggle=\"collapse\"\n                    tabindex=\"0\"\n\t\t\t\t\tdata-parent=\"#accordion-69ebde6f31dcd\" data-bs-parent=\"#accordion-69ebde6f31dcd\" href=\"#collapse-7785\" data-target=\"#collapse-7785\" data-bs-target=\"#collapse-7785\"\n\t\t\t\t\taria-expanded=\"false\" aria-controls=\"collapse-7785\">\n\t\t\t\t\t\t\t\t\t\t\t\t<span class=\"accordion-title-txt\">Is it possible to see examples of your work?<\/span>\n\t\t\t\t\t\t\t\t\t\t\t\t\t<span class=\"accordion-expander\"><i class=\"fas fa-plus\"><\/i><i class=\"fas fa-minus\"><\/i><\/span>\t\t\t\t\t\t\t\t\t\t\t<\/a>\n\t\t\t\t<\/h3>\t\t\t\t<\/div>\n\n\t\t\t\t<div id=\"collapse-7785\" class=\"accordion-collapse collapse\" data-bs-parent=\"#accordion-69ebde6f31dcd\" role=\"tabpanel\" aria-labelledby=\"heading-7785\">\n\n\t\t\t\t<div class=\"accordion-content\">\n\t\t\t\t\t<p>Yes, we provide photos and videos of our previous projects on our website and social media. This will allow you to appreciate the quality of our work and find inspiration for your own projects.<\/p>\t\t\t\t<\/div>\n\n\t\t\t\t<\/div>\n\n\t\t\t<\/div>\n\t\t\t\t\t\t\n\t\t<\/div>\n\n\t\t\t\t<\/div>\n\t\t\t\t<\/div>\n\t\t\t\t<\/div>\n\t\t\t\t\t<\/div>\n\t\t\t\t<\/div>\n\t\t<div class=\"elementor-element elementor-element-ecfd807 e-flex e-con-boxed e-con e-parent\" data-id=\"ecfd807\" data-element_type=\"container\" data-settings=\"{&quot;background_background&quot;:&quot;classic&quot;}\">\n\t\t\t\t\t<div class=\"e-con-inner\">\n\t\t<div class=\"elementor-element elementor-element-9e4d3ef e-con-full e-flex e-con e-child\" data-id=\"9e4d3ef\" data-element_type=\"container\" data-settings=\"{&quot;background_background&quot;:&quot;classic&quot;}\">\n\t\t<div class=\"elementor-element elementor-element-a6967da e-con-full e-flex e-con e-child\" data-id=\"a6967da\" data-element_type=\"container\">\n\t\t\t\t<div class=\"elementor-element elementor-element-7311ba9 elementor-widget elementor-widget-wpforms\" data-id=\"7311ba9\" data-element_type=\"widget\" data-widget_type=\"wpforms.default\">\n\t\t\t\t<div class=\"elementor-widget-container\">\n\t\t\t<style id=\"wpforms-css-vars-root\">\n\t\t\t\t:root {\n\t\t\t\t\t--wpforms-field-border-radius: 3px;\n--wpforms-field-border-style: solid;\n--wpforms-field-border-size: 1px;\n--wpforms-field-background-color: #ffffff;\n--wpforms-field-border-color: rgba( 0, 0, 0, 0.25 );\n--wpforms-field-border-color-spare: rgba( 0, 0, 0, 0.25 );\n--wpforms-field-text-color: rgba( 0, 0, 0, 0.7 );\n--wpforms-field-menu-color: #ffffff;\n--wpforms-label-color: rgba( 0, 0, 0, 0.85 );\n--wpforms-label-sublabel-color: rgba( 0, 0, 0, 0.55 );\n--wpforms-label-error-color: #d63637;\n--wpforms-button-border-radius: 3px;\n--wpforms-button-border-style: none;\n--wpforms-button-border-size: 1px;\n--wpforms-button-background-color: #066aab;\n--wpforms-button-border-color: #066aab;\n--wpforms-button-text-color: #ffffff;\n--wpforms-page-break-color: #066aab;\n--wpforms-background-image: none;\n--wpforms-background-position: center center;\n--wpforms-background-repeat: no-repeat;\n--wpforms-background-size: cover;\n--wpforms-background-width: 100px;\n--wpforms-background-height: 100px;\n--wpforms-background-color: rgba( 0, 0, 0, 0 );\n--wpforms-background-url: none;\n--wpforms-container-padding: 0px;\n--wpforms-container-border-style: none;\n--wpforms-container-border-width: 1px;\n--wpforms-container-border-color: #000000;\n--wpforms-container-border-radius: 3px;\n--wpforms-field-size-input-height: 43px;\n--wpforms-field-size-input-spacing: 15px;\n--wpforms-field-size-font-size: 16px;\n--wpforms-field-size-line-height: 19px;\n--wpforms-field-size-padding-h: 14px;\n--wpforms-field-size-checkbox-size: 16px;\n--wpforms-field-size-sublabel-spacing: 5px;\n--wpforms-field-size-icon-size: 1;\n--wpforms-label-size-font-size: 16px;\n--wpforms-label-size-line-height: 19px;\n--wpforms-label-size-sublabel-font-size: 14px;\n--wpforms-label-size-sublabel-line-height: 17px;\n--wpforms-button-size-font-size: 17px;\n--wpforms-button-size-height: 41px;\n--wpforms-button-size-padding-h: 15px;\n--wpforms-button-size-margin-top: 10px;\n--wpforms-container-shadow-size-box-shadow: none;\n\n\t\t\t\t}\n\t\t\t<\/style><style id=\"wpforms-css-vars-elementor-widget-7311ba9\">\n\t\t\t\t.elementor-widget-wpforms.elementor-element-7311ba9 {\n\t\t\t\t\t--wpforms-field-border-radius: 0px;\n--wpforms-field-border-color: #E1DFDF;\n--wpforms-field-border-color-spare: #E1DFDF;\n--wpforms-field-text-color: #64646480;\n--wpforms-label-color: #060504;\n--wpforms-label-sublabel-color: #060504CC;\n--wpforms-button-border-radius: 0px;\n--wpforms-button-background-color: #060504;\n--wpforms-field-size-input-height: 50px;\n--wpforms-field-size-input-spacing: 20px;\n--wpforms-field-size-font-size: 18px;\n--wpforms-field-size-line-height: 21px;\n--wpforms-field-size-padding-h: 14px;\n--wpforms-field-size-checkbox-size: 18px;\n--wpforms-field-size-sublabel-spacing: 10px;\n--wpforms-field-size-icon-size: 1.25;\n--wpforms-label-size-font-size: 16px;\n--wpforms-label-size-line-height: 19px;\n--wpforms-label-size-sublabel-font-size: 14px;\n--wpforms-label-size-sublabel-line-height: 17px;\n--wpforms-button-size-font-size: 20px;\n--wpforms-button-size-height: 48px;\n--wpforms-button-size-padding-h: 20px;\n--wpforms-button-size-margin-top: 15px;\n\n\t\t\t\t}\n\t\t\t<\/style><div class=\"wpforms-container wpforms-container-full wpforms-render-modern\" id=\"wpforms-183\"><form id=\"wpforms-form-183\" class=\"wpforms-validate wpforms-form wpforms-ajax-form\" data-formid=\"183\" method=\"post\" enctype=\"multipart\/form-data\" action=\"\/wp-json\/wp\/v2\/pages\/3\" data-token=\"f1acd814e4f75e6192d12b419fa300ca\" data-token-time=\"1777065583\" data-trp-original-action=\"\/en\/wp-json\/wp\/v2\/pages\/3\"><div class=\"wpforms-head-container\"><div class=\"wpforms-title\">Let's discuss your project!<\/div><div class=\"wpforms-description\">We are here for you. Have a question or a project in mind? Leave us a message, and we will respond as quickly as possible! We\u2019d be delighted to collaborate with you to bring your ideas to life. Contact us today to discuss your needs.<\/div><\/div><noscript class=\"wpforms-error-noscript\">Please enable JavaScript in your browser to complete this form.<\/noscript><div class=\"wpforms-hidden\" id=\"wpforms-error-noscript\">Please enable JavaScript in your browser to complete this form.<\/div><div class=\"wpforms-field-container\"><div id=\"wpforms-183-field_6-container\" class=\"wpforms-field wpforms-field-layout\" data-field-id=\"6\"><div class=\"wpforms-field-layout-rows wpforms-field-large\"><div class=\"wpforms-layout-row\"><div class=\"wpforms-layout-column wpforms-layout-column-50\"><div id=\"wpforms-183-field_5-container\" class=\"wpforms-field wpforms-field-text\" data-field-id=\"5\"><label class=\"wpforms-field-label\" for=\"wpforms-183-field_5\">First name<\/label><input type=\"text\" id=\"wpforms-183-field_5\" class=\"wpforms-field-medium\" name=\"wpforms[fields][5]\" placeholder=\"Please enter your first name\" aria-errormessage=\"wpforms-183-field_5-error\" ><\/div><\/div><div class=\"wpforms-layout-column wpforms-layout-column-50\"><div id=\"wpforms-183-field_7-container\" class=\"wpforms-field wpforms-field-text\" data-field-id=\"7\"><label class=\"wpforms-field-label\" for=\"wpforms-183-field_7\">Last name<\/label><input type=\"text\" id=\"wpforms-183-field_7\" class=\"wpforms-field-medium\" name=\"wpforms[fields][7]\" placeholder=\"Please enter your last name\" aria-errormessage=\"wpforms-183-field_7-error\" ><\/div><\/div><\/div><div class=\"wpforms-layout-row\"><div class=\"wpforms-layout-column wpforms-layout-column-50\"><div id=\"wpforms-183-field_2-container\" class=\"wpforms-field wpforms-field-email\" data-field-id=\"2\"><label class=\"wpforms-field-label\" for=\"wpforms-183-field_2\">E-mail <span class=\"wpforms-required-label\" aria-hidden=\"true\">*<\/span><\/label><input type=\"email\" id=\"wpforms-183-field_2\" class=\"wpforms-field-medium wpforms-field-required\" name=\"wpforms[fields][2]\" placeholder=\"Enter your email address\" spellcheck=\"false\" aria-errormessage=\"wpforms-183-field_2-error\" required><\/div><\/div><div class=\"wpforms-layout-column wpforms-layout-column-50\"><div id=\"wpforms-183-field_8-container\" class=\"wpforms-field wpforms-field-phone\" data-field-id=\"8\"><label class=\"wpforms-field-label\" for=\"wpforms-183-field_8\">Phone <span class=\"wpforms-required-label\" aria-hidden=\"true\">*<\/span><\/label><input type=\"tel\" id=\"wpforms-183-field_8\" class=\"wpforms-field-medium wpforms-field-required\" data-rule-int-phone-field=\"true\" name=\"wpforms[fields][8]\" placeholder=\"Enter your phone number\" aria-label=\"Phone\" aria-errormessage=\"wpforms-183-field_8-error\" required><\/div><\/div><\/div><\/div><\/div><div id=\"wpforms-183-field_3-container\" class=\"wpforms-field wpforms-field-textarea\" data-field-id=\"3\"><label class=\"wpforms-field-label\" for=\"wpforms-183-field_3\">Your message<\/label><textarea id=\"wpforms-183-field_3\" class=\"wpforms-field-medium\" name=\"wpforms[fields][3]\" placeholder=\"Share your thoughts or project details\" aria-errormessage=\"wpforms-183-field_3-error\" ><\/textarea><\/div><div id=\"wpforms-183-field_9-container\" class=\"wpforms-field wpforms-field-payment-checkbox\" data-field-id=\"9\"><fieldset><legend class=\"wpforms-field-label wpforms-label-hide\" aria-hidden=\"false\">Accept <span class=\"wpforms-required-label\" aria-hidden=\"true\">*<\/span><\/legend><ul id=\"wpforms-183-field_9\" class=\"wpforms-field-required\"><li class=\"choice-1\"><input type=\"checkbox\" id=\"wpforms-183-field_9_1\" class=\"wpforms-payment-price\" data-amount=\"0.00\" name=\"wpforms[fields][9][]\" value=\"1\" aria-errormessage=\"wpforms-183-field_9_1-error\" required><label class=\"wpforms-field-label-inline\" for=\"wpforms-183-field_9_1\">I acknowledge having read the privacy policy<\/label><\/li><\/ul><\/fieldset><\/div><\/div><!-- .wpforms-field-container --><div class=\"wpforms-recaptcha-container wpforms-is-recaptcha wpforms-is-recaptcha-type-v2\" ><div class=\"g-recaptcha\" data-sitekey=\"6LftF_MqAAAAAFFVaMDVQvw-d0eEi8e8MfFGBrsT\"><\/div><input type=\"text\" name=\"g-recaptcha-hidden\" class=\"wpforms-recaptcha-hidden\" style=\"position:absolute!important;clip:rect(0,0,0,0)!important;height:1px!important;width:1px!important;border:0!important;overflow:hidden!important;padding:0!important;margin:0!important;\" data-rule-recaptcha=\"1\"><\/div><div class=\"wpforms-submit-container\" ><input type=\"hidden\" name=\"wpforms[id]\" value=\"183\"><input type=\"hidden\" name=\"page_title\" value=\"\"><input type=\"hidden\" name=\"page_url\" value=\"https:\/\/ghibiciconstruction.lu\/en\/wp-json\/wp\/v2\/pages\/3\"><button type=\"submit\" name=\"wpforms[submit]\" id=\"wpforms-submit-183\" class=\"wpforms-submit\" data-alt-text=\"Envoi...\" data-submit-text=\"D\u00e9posez votre demande\" aria-live=\"assertive\" value=\"wpforms-submit\">Submit your request<\/button><img decoding=\"async\" src=\"https:\/\/ghibiciconstruction.lu\/wp-content\/plugins\/wpforms\/assets\/images\/submit-spin.svg\" class=\"wpforms-submit-spinner\" style=\"display: none;\" width=\"26\" height=\"26\" alt=\"Loading\"><\/div><input type=\"hidden\" name=\"trp-form-language\" value=\"en\"\/><\/form><\/div>  <!-- .wpforms-container -->\t\t<\/div>\n\t\t\t\t<\/div>\n\t\t\t\t<\/div>\n\t\t<div class=\"elementor-element elementor-element-7dfe7d5 e-con-full e-flex e-con e-child\" data-id=\"7dfe7d5\" data-element_type=\"container\" data-settings=\"{&quot;background_background&quot;:&quot;classic&quot;}\">\n\t\t\t\t<div class=\"elementor-element elementor-element-e99591c elementor-absolute elementor-hidden-mobile elementor-widget elementor-widget-image\" data-id=\"e99591c\" data-element_type=\"widget\" data-settings=\"{&quot;_position&quot;:&quot;absolute&quot;}\" data-widget_type=\"image.default\">\n\t\t\t\t<div class=\"elementor-widget-container\">\n\t\t\t\t\t\t\t\t\t\t\t\t\t<img decoding=\"async\" width=\"150\" height=\"150\" src=\"https:\/\/ghibiciconstruction.lu\/wp-content\/uploads\/2024\/11\/Design-1.svg\" class=\"attachment-full size-full wp-image-342\" alt=\"\" \/>\t\t\t\t\t\t\t\t\t\t\t\t\t<\/div>\n\t\t\t\t<\/div>\n\t\t\t\t<\/div>\n\t\t\t\t<\/div>\n\t\t\t\t\t<\/div>\n\t\t\t\t<\/div>\n\t\t\t\t<\/div>","protected":false},"excerpt":{"rendered":"<p>Home Question fr\u00e9quemment pos\u00e9e Question fr\u00e9quemment pos\u00e9e Intervenez-vous dans tout le Luxembourg ? Oui, nous couvrons tout le territoire luxembourgeois. Peu importe o\u00f9 se situe votre projet, notre \u00e9quipe est pr\u00eate \u00e0 se d\u00e9placer pour vous offrir un service de qualit\u00e9. Offrez-vous un devis gratuit ? Absolument ! Nous proposons un devis gratuit pour tous [&hellip;]<\/p>","protected":false},"author":1,"featured_media":0,"parent":0,"menu_order":0,"comment_status":"closed","ping_status":"closed","template":"","meta":{"_acf_changed":false,"footnotes":""},"class_list":["post-3","page","type-page","status-publish","hentry"],"acf":[],"_links":{"self":[{"href":"https:\/\/ghibiciconstruction.lu\/en\/wp-json\/wp\/v2\/pages\/3","targetHints":{"allow":["GET"]}}],"collection":[{"href":"https:\/\/ghibiciconstruction.lu\/en\/wp-json\/wp\/v2\/pages"}],"about":[{"href":"https:\/\/ghibiciconstruction.lu\/en\/wp-json\/wp\/v2\/types\/page"}],"author":[{"embeddable":true,"href":"https:\/\/ghibiciconstruction.lu\/en\/wp-json\/wp\/v2\/users\/1"}],"replies":[{"embeddable":true,"href":"https:\/\/ghibiciconstruction.lu\/en\/wp-json\/wp\/v2\/comments?post=3"}],"version-history":[{"count":0,"href":"https:\/\/ghibiciconstruction.lu\/en\/wp-json\/wp\/v2\/pages\/3\/revisions"}],"wp:attachment":[{"href":"https:\/\/ghibiciconstruction.lu\/en\/wp-json\/wp\/v2\/media?parent=3"}],"curies":[{"name":"wp","href":"https:\/\/api.w.org\/{rel}","templated":true}]}}