{"id":952,"date":"2024-12-04T07:48:37","date_gmt":"2024-12-04T07:48:37","guid":{"rendered":"https:\/\/ghibiciconstruction.lu\/?page_id=952"},"modified":"2025-02-03T17:44:21","modified_gmt":"2025-02-03T17:44:21","slug":"renovation-dappartement","status":"publish","type":"page","link":"https:\/\/ghibiciconstruction.lu\/en\/services\/renovation-dappartement\/","title":{"rendered":"R\u00e9novation d&#8217;appartements"},"content":{"rendered":"<div data-elementor-type=\"wp-page\" data-elementor-id=\"952\" class=\"elementor elementor-952\" data-elementor-post-type=\"page\">\n\t\t\t\t<div class=\"elementor-element elementor-element-3f7e4078 e-flex e-con-boxed e-con e-parent\" data-id=\"3f7e4078\" data-element_type=\"container\" data-settings=\"{&quot;background_background&quot;:&quot;slideshow&quot;,&quot;background_slideshow_gallery&quot;:[{&quot;id&quot;:471,&quot;url&quot;:&quot;http:\\\/\\\/ghibiciconstruction.lu\\\/wp-content\\\/uploads\\\/2024\\\/11\\\/bz-ap-210824-3000-28.jpg&quot;},{&quot;id&quot;:470,&quot;url&quot;:&quot;http:\\\/\\\/ghibiciconstruction.lu\\\/wp-content\\\/uploads\\\/2024\\\/11\\\/bz-ap-210824-3000-26.jpg&quot;},{&quot;id&quot;:469,&quot;url&quot;:&quot;http:\\\/\\\/ghibiciconstruction.lu\\\/wp-content\\\/uploads\\\/2024\\\/11\\\/bz-ap-210824-3000-11.jpg&quot;},{&quot;id&quot;:468,&quot;url&quot;:&quot;http:\\\/\\\/ghibiciconstruction.lu\\\/wp-content\\\/uploads\\\/2024\\\/11\\\/bz-ap-210824-3000-7.jpg&quot;}],&quot;background_slideshow_slide_duration&quot;:4000,&quot;background_slideshow_slide_transition&quot;:&quot;slide_left&quot;,&quot;background_slideshow_transition_duration&quot;:800,&quot;background_slideshow_ken_burns&quot;:&quot;yes&quot;,&quot;background_slideshow_lazyload&quot;:&quot;yes&quot;,&quot;background_slideshow_loop&quot;:&quot;yes&quot;,&quot;background_slideshow_ken_burns_zoom_direction&quot;:&quot;in&quot;}\">\n\t\t\t\t\t<div class=\"e-con-inner\">\n\t\t\t\t<div class=\"elementor-element elementor-element-537a83f1 elementor-widget elementor-widget-hub_fancy_heading\" data-id=\"537a83f1\" data-element_type=\"widget\" data-widget_type=\"hub_fancy_heading.default\">\n\t\t\t\t<div class=\"elementor-widget-container\">\n\t\t\t\n\t\t<div id=\"ld-fancy-heading-69ec121ff0cc9\" class=\"ld-fancy-heading pos-rel\">\n\t\t\t<h1 class=\"ld-fh-element d-inline-block pos-rel  elementor-heading-title lqd-highlight-classic lqd-highlight-grow-left h1\"  > Apartment renovation<\/h1>\t\t<\/div>\n\n\t\t\t\t<\/div>\n\t\t\t\t<\/div>\n\t\t\t\t<div class=\"elementor-element elementor-element-19c73319 elementor-widget__width-initial elementor-widget elementor-widget-hub_fancy_heading\" data-id=\"19c73319\" data-element_type=\"widget\" data-widget_type=\"hub_fancy_heading.default\">\n\t\t\t\t<div class=\"elementor-widget-container\">\n\t\t\t\n\t\t<div id=\"ld-fancy-heading-69ec121ff137e\" class=\"ld-fancy-heading pos-rel\">\n\t\t\t<p class=\"ld-fh-element d-inline-block pos-rel  lqd-highlight-classic lqd-highlight-grow-left p\"  > Give your apartment a new lease on life with Ghibici Construction. Whether you're modernizing an outdated interior, optimizing your space, or creating an ambiance that reflects your tastes and style, Ghibici Construction is your trusted partner for impeccable results.<\/p>\t\t<\/div>\n\n\t\t\t\t<\/div>\n\t\t\t\t<\/div>\n\t\t\t\t<div class=\"elementor-element elementor-element-6c4d64c2 elementor-widget elementor-widget-spacer\" data-id=\"6c4d64c2\" data-element_type=\"widget\" data-widget_type=\"spacer.default\">\n\t\t\t\t<div class=\"elementor-widget-container\">\n\t\t\t\t\t<div class=\"elementor-spacer\">\n\t\t\t<div class=\"elementor-spacer-inner\"><\/div>\n\t\t<\/div>\n\t\t\t\t<\/div>\n\t\t\t\t<\/div>\n\t\t\t\t<div class=\"elementor-element elementor-element-72144f3 elementor-widget elementor-widget-ld_button\" data-id=\"72144f3\" data-element_type=\"widget\" data-widget_type=\"ld_button.default\">\n\t\t\t\t<div class=\"elementor-widget-container\">\n\t\t\t\n\t\t\t<a\n\t\t\t\tclass=\"elementor-button btn btn-solid btn-icon-right btn-has-label\" data-lqd-lity=\"#modal-1432\" href=\"#modal-1432\"\t\t\t>\n\t\t\t\t\t\t\t\t\t<span data-text=\"Commencez votre projet\" class=\"btn-txt\">\n\t\t\t\t\t\tStart your project\t\t\t\t\t<\/span>\n\t\t\t\t\t\t\t\t\t\t\t\t\t\t<span class=\"btn-icon\">\n\t\t\t\t\t\t\t<svg xmlns=\"http:\/\/www.w3.org\/2000\/svg\" width=\"18\" height=\"16\" viewbox=\"0 0 18 16\" fill=\"none\"><path d=\"M16.5 8.33105H1.5\" stroke=\"white\" stroke-width=\"1.25\" stroke-linecap=\"round\" stroke-linejoin=\"round\"><\/path><path d=\"M14 10.8311L16.5 8.33105L14 5.83105\" stroke=\"white\" stroke-width=\"1.25\" stroke-linecap=\"round\" stroke-linejoin=\"round\"><\/path><\/svg>\t\t\t\t\t\t<\/span>\n\t\t\t\t\t\t\t\t\t<\/a>\n\t\t\t\t\t<\/div>\n\t\t\t\t<\/div>\n\t\t\t\t\t<\/div>\n\t\t\t\t<\/div>\n\t\t<div class=\"elementor-element elementor-element-7a6be537 e-flex e-con-boxed e-con e-parent\" data-id=\"7a6be537\" data-element_type=\"container\">\n\t\t\t\t\t<div class=\"e-con-inner\">\n\t\t\t\t<div class=\"elementor-element elementor-element-588e0459 elementor-widget elementor-widget-hub_fancy_heading\" data-id=\"588e0459\" data-element_type=\"widget\" data-widget_type=\"hub_fancy_heading.default\">\n\t\t\t\t<div class=\"elementor-widget-container\">\n\t\t\t\n\t\t<div id=\"ld-fancy-heading-69ec121ff403e\" class=\"ld-fancy-heading pos-rel\">\n\t\t\t<p class=\"ld-fh-element d-inline-block pos-rel  lqd-highlight-classic lqd-highlight-grow-left p\"  > What we offer:<\/p>\t\t<\/div>\n\n\t\t\t\t<\/div>\n\t\t\t\t<\/div>\n\t\t\t\t<div class=\"elementor-element elementor-element-749ddc97 elementor-widget elementor-widget-text-editor\" data-id=\"749ddc97\" data-element_type=\"widget\" data-widget_type=\"text-editor.default\">\n\t\t\t\t<div class=\"elementor-widget-container\">\n\t\t\t\t\t\t\t<ul><li><p class=\" translation-block\"><strong>Needs analysis and personalized design<\/strong><br>\nWe work closely with you to understand your expectations and preferences. If you already have an established design, we bring it to life with absolute precision. Otherwise, our team can help you create a plan that maximizes your apartment's potential.<\/p><\/li><li><p class=\" translation-block\"><strong>Space reorganization<\/strong><br>\nWhether you're knocking down walls to create an open living area or adding storage for better organization, we rethink your spaces according to your needs.<\/p><\/li><li><p class=\" translation-block\"><strong>Surface renovation<\/strong><br>\nWe refurbish walls, ceilings, floors, and other surfaces for a modern and durable finish. From painting and installing new flooring to renovating tiles, every detail is carefully handled.<\/p><\/li><li><p class=\" translation-block\"><strong>Code compliance<\/strong><br>\nOur work includes updating electrical, plumbing, and heating systems to ensure a functional, safe apartment that meets current standards.<\/p><\/li><li><p><strong><strong>Customized finishes<\/strong><br>\nFrom material selection and lighting installation to decorative details, we guide you in finalizing an interior that truly reflects your personality.<\/strong><br \/>Du choix des mat\u00e9riaux \u00e0 la pose des luminaires, en passant par les d\u00e9tails d\u00e9coratifs, nous vous accompagnons pour finaliser un int\u00e9rieur qui vous ressemble.<\/p><\/li><\/ul>\t\t\t\t\t\t<\/div>\n\t\t\t\t<\/div>\n\t\t<div class=\"elementor-element elementor-element-5ad9fb52 e-con-full e-flex e-con e-child\" data-id=\"5ad9fb52\" data-element_type=\"container\">\n\t\t\t\t<div class=\"elementor-element elementor-element-2d2f3dc2 elementor-widget elementor-widget-image\" data-id=\"2d2f3dc2\" data-element_type=\"widget\" data-widget_type=\"image.default\">\n\t\t\t\t<div class=\"elementor-widget-container\">\n\t\t\t\t\t\t\t\t\t\t\t\t\t<img fetchpriority=\"high\" decoding=\"async\" width=\"780\" height=\"520\" src=\"https:\/\/ghibiciconstruction.lu\/wp-content\/uploads\/2024\/11\/bz-ap-210824-3000-28-1024x683.jpg\" class=\"attachment-large size-large wp-image-471\" alt=\"Le salon r\u00e9nov\u00e9 Ghibici Construction SARL\" srcset=\"https:\/\/ghibiciconstruction.lu\/wp-content\/uploads\/2024\/11\/bz-ap-210824-3000-28-1024x683.jpg 1024w, https:\/\/ghibiciconstruction.lu\/wp-content\/uploads\/2024\/11\/bz-ap-210824-3000-28-300x200.jpg 300w, https:\/\/ghibiciconstruction.lu\/wp-content\/uploads\/2024\/11\/bz-ap-210824-3000-28-1536x1024.jpg 1536w, https:\/\/ghibiciconstruction.lu\/wp-content\/uploads\/2024\/11\/bz-ap-210824-3000-28-2048x1365.jpg 2048w, https:\/\/ghibiciconstruction.lu\/wp-content\/uploads\/2024\/11\/bz-ap-210824-3000-28-720x480.jpg 720w, https:\/\/ghibiciconstruction.lu\/wp-content\/uploads\/2024\/11\/bz-ap-210824-3000-28-18x12.jpg 18w, https:\/\/ghibiciconstruction.lu\/wp-content\/uploads\/2024\/11\/bz-ap-210824-3000-28.jpg 1920w\" sizes=\"(max-width: 780px) 100vw, 780px\" \/>\t\t\t\t\t\t\t\t\t\t\t\t\t<\/div>\n\t\t\t\t<\/div>\n\t\t\t\t<div class=\"elementor-element elementor-element-4ee6521e elementor-widget elementor-widget-image\" data-id=\"4ee6521e\" data-element_type=\"widget\" data-widget_type=\"image.default\">\n\t\t\t\t<div class=\"elementor-widget-container\">\n\t\t\t\t\t\t\t\t\t\t\t\t\t<img decoding=\"async\" width=\"780\" height=\"520\" src=\"data:image\/svg+xml;charset=utf-8,%3Csvg xmlns%3D&#039;http%3A%2F%2Fwww.w3.org%2F2000%2Fsvg&#039; viewBox%3D&#039;0 0 1024 683&#039;%2F%3E\" class=\"attachment-large size-large wp-image-469 ld-lazyload\" alt=\"Chambre a coucher r\u00e9nov\u00e9e Ghibici Construction SARL\" data-src=\"https:\/\/ghibiciconstruction.lu\/wp-content\/uploads\/2024\/11\/bz-ap-210824-3000-11-1024x683.jpg\" data-srcset=\"https:\/\/ghibiciconstruction.lu\/wp-content\/uploads\/2024\/11\/bz-ap-210824-3000-11-1024x683.jpg 1024w, https:\/\/ghibiciconstruction.lu\/wp-content\/uploads\/2024\/11\/bz-ap-210824-3000-11-300x200.jpg 300w, https:\/\/ghibiciconstruction.lu\/wp-content\/uploads\/2024\/11\/bz-ap-210824-3000-11-1536x1024.jpg 1536w, https:\/\/ghibiciconstruction.lu\/wp-content\/uploads\/2024\/11\/bz-ap-210824-3000-11-2048x1365.jpg 2048w, https:\/\/ghibiciconstruction.lu\/wp-content\/uploads\/2024\/11\/bz-ap-210824-3000-11-720x480.jpg 720w, https:\/\/ghibiciconstruction.lu\/wp-content\/uploads\/2024\/11\/bz-ap-210824-3000-11-18x12.jpg 18w, https:\/\/ghibiciconstruction.lu\/wp-content\/uploads\/2024\/11\/bz-ap-210824-3000-11.jpg 1920w\" data-sizes=\"(max-width: 780px) 100vw, 780px\" data-aspect=\"1.4992679355783\" \/>\t\t\t\t\t\t\t\t\t\t\t\t\t<\/div>\n\t\t\t\t<\/div>\n\t\t\t\t<\/div>\n\t\t\t\t<div class=\"elementor-element elementor-element-73ea27bb elementor-widget elementor-widget-hub_fancy_heading\" data-id=\"73ea27bb\" data-element_type=\"widget\" data-widget_type=\"hub_fancy_heading.default\">\n\t\t\t\t<div class=\"elementor-widget-container\">\n\t\t\t\n\t\t<div id=\"ld-fancy-heading-69ec122000367\" class=\"ld-fancy-heading pos-rel\">\n\t\t\t<p class=\"ld-fh-element d-inline-block pos-rel  lqd-highlight-classic lqd-highlight-grow-left p\"  > Why choose Ghibici Construction?<\/p>\t\t<\/div>\n\n\t\t\t\t<\/div>\n\t\t\t\t<\/div>\n\t\t\t\t<div class=\"elementor-element elementor-element-43360c61 elementor-widget elementor-widget-text-editor\" data-id=\"43360c61\" data-element_type=\"widget\" data-widget_type=\"text-editor.default\">\n\t\t\t\t<div class=\"elementor-widget-container\">\n\t\t\t\t\t\t\t<ul><li class=\" translation-block\"><strong>Superior quality work<\/strong>: Meticulous attention to detail and flawless finishing.<\/li><li class=\" translation-block\"><strong>On-time and on-budget delivery<\/strong>: Effective and transparent project management.<\/li><li class=\" translation-block\"><strong>Guaranteed satisfaction<\/strong>: Our clients trust us to transform their ideas into reality.<\/li><\/ul>\t\t\t\t\t\t<\/div>\n\t\t\t\t<\/div>\n\t\t\t\t<div class=\"elementor-element elementor-element-7479abe1 elementor-hidden-desktop elementor-hidden-tablet elementor-hidden-mobile elementor-widget elementor-widget-video\" data-id=\"7479abe1\" data-element_type=\"widget\" data-settings=\"{&quot;youtube_url&quot;:&quot;https:\\\/\\\/www.youtube.com\\\/watch?v=LEhQMU38WVA&quot;,&quot;yt_privacy&quot;:&quot;yes&quot;,&quot;show_image_overlay&quot;:&quot;yes&quot;,&quot;image_overlay&quot;:{&quot;url&quot;:&quot;http:\\\/\\\/ghibiciconstruction.lu\\\/wp-content\\\/uploads\\\/2024\\\/11\\\/Image-47-1.jpg&quot;,&quot;id&quot;:155,&quot;size&quot;:&quot;&quot;,&quot;alt&quot;:&quot;&quot;,&quot;source&quot;:&quot;library&quot;},&quot;video_type&quot;:&quot;youtube&quot;,&quot;controls&quot;:&quot;yes&quot;}\" data-widget_type=\"video.default\">\n\t\t\t\t<div class=\"elementor-widget-container\">\n\t\t\t\t\t<div class=\"elementor-wrapper elementor-open-inline\">\n\t\t\t<div class=\"elementor-video\"><\/div>\t\t\t\t<div class=\"elementor-custom-embed-image-overlay\" style=\"background-image: url(https:\/\/ghibiciconstruction.lu\/wp-content\/uploads\/2024\/11\/Image-47-1.jpg);\">\n\t\t\t\t\t\t\t\t\t\t\t\t\t\t\t\t<div class=\"elementor-custom-embed-play\" role=\"button\" aria-label=\"Play Video\" tabindex=\"0\">\n\t\t\t\t\t\t\t<svg aria-hidden=\"true\" class=\"e-font-icon-svg e-eicon-play\" viewbox=\"0 0 1000 1000\" xmlns=\"http:\/\/www.w3.org\/2000\/svg\"><path d=\"M838 162C746 71 633 25 500 25 371 25 258 71 163 162 71 254 25 367 25 500 25 633 71 746 163 837 254 929 367 979 500 979 633 979 746 933 838 837 929 746 975 633 975 500 975 367 929 254 838 162M808 192C892 279 933 379 933 500 933 621 892 725 808 808 725 892 621 938 500 938 379 938 279 896 196 808 113 725 67 621 67 500 67 379 108 279 196 192 279 108 383 62 500 62 621 62 721 108 808 192M438 392V642L642 517 438 392Z\"><\/path><\/svg>\t\t\t\t\t\t\t<span class=\"elementor-screen-only\">Play Video<\/span>\n\t\t\t\t\t\t<\/div>\n\t\t\t\t\t\t\t\t\t<\/div>\n\t\t\t\t\t<\/div>\n\t\t\t\t<\/div>\n\t\t\t\t<\/div>\n\t\t\t\t<div class=\"elementor-element elementor-element-59cbb9f6 elementor-widget elementor-widget-hub_fancy_heading\" data-id=\"59cbb9f6\" data-element_type=\"widget\" data-widget_type=\"hub_fancy_heading.default\">\n\t\t\t\t<div class=\"elementor-widget-container\">\n\t\t\t\n\t\t<div id=\"ld-fancy-heading-69ec1220008a1\" class=\"ld-fancy-heading pos-rel\">\n\t\t\t\t\t<\/div>\n\n\t\t\t\t<\/div>\n\t\t\t\t<\/div>\n\t\t\t\t<div class=\"elementor-element elementor-element-5ad300bb elementor-widget elementor-widget-text-editor\" data-id=\"5ad300bb\" data-element_type=\"widget\" data-widget_type=\"text-editor.default\">\n\t\t\t\t<div class=\"elementor-widget-container\">\n\t\t\t\t\t\t\t<p>Take the first step toward transforming your apartment.<\/p><p><strong>Contact us today for a personalized quote!<\/strong><\/p>\t\t\t\t\t\t<\/div>\n\t\t\t\t<\/div>\n\t\t\t\t\t<\/div>\n\t\t\t\t<\/div>\n\t\t<div class=\"elementor-element elementor-element-520eeb7e e-flex e-con-boxed e-con e-parent\" data-id=\"520eeb7e\" data-element_type=\"container\" data-settings=\"{&quot;background_background&quot;:&quot;classic&quot;}\">\n\t\t\t\t\t<div class=\"e-con-inner\">\n\t\t<div class=\"elementor-element elementor-element-b494f8e e-con-full e-flex e-con e-child\" data-id=\"b494f8e\" data-element_type=\"container\" data-settings=\"{&quot;background_background&quot;:&quot;classic&quot;}\">\n\t\t<div class=\"elementor-element elementor-element-82e3c1d e-con-full e-flex e-con e-child\" data-id=\"82e3c1d\" data-element_type=\"container\">\n\t\t\t\t<div class=\"elementor-element elementor-element-13fb9f16 elementor-widget elementor-widget-wpforms\" data-id=\"13fb9f16\" data-element_type=\"widget\" data-widget_type=\"wpforms.default\">\n\t\t\t\t<div class=\"elementor-widget-container\">\n\t\t\t<style id=\"wpforms-css-vars-root\">\n\t\t\t\t:root {\n\t\t\t\t\t--wpforms-field-border-radius: 3px;\n--wpforms-field-border-style: solid;\n--wpforms-field-border-size: 1px;\n--wpforms-field-background-color: #ffffff;\n--wpforms-field-border-color: rgba( 0, 0, 0, 0.25 );\n--wpforms-field-border-color-spare: rgba( 0, 0, 0, 0.25 );\n--wpforms-field-text-color: rgba( 0, 0, 0, 0.7 );\n--wpforms-field-menu-color: #ffffff;\n--wpforms-label-color: rgba( 0, 0, 0, 0.85 );\n--wpforms-label-sublabel-color: rgba( 0, 0, 0, 0.55 );\n--wpforms-label-error-color: #d63637;\n--wpforms-button-border-radius: 3px;\n--wpforms-button-border-style: none;\n--wpforms-button-border-size: 1px;\n--wpforms-button-background-color: #066aab;\n--wpforms-button-border-color: #066aab;\n--wpforms-button-text-color: #ffffff;\n--wpforms-page-break-color: #066aab;\n--wpforms-background-image: none;\n--wpforms-background-position: center center;\n--wpforms-background-repeat: no-repeat;\n--wpforms-background-size: cover;\n--wpforms-background-width: 100px;\n--wpforms-background-height: 100px;\n--wpforms-background-color: rgba( 0, 0, 0, 0 );\n--wpforms-background-url: none;\n--wpforms-container-padding: 0px;\n--wpforms-container-border-style: none;\n--wpforms-container-border-width: 1px;\n--wpforms-container-border-color: #000000;\n--wpforms-container-border-radius: 3px;\n--wpforms-field-size-input-height: 43px;\n--wpforms-field-size-input-spacing: 15px;\n--wpforms-field-size-font-size: 16px;\n--wpforms-field-size-line-height: 19px;\n--wpforms-field-size-padding-h: 14px;\n--wpforms-field-size-checkbox-size: 16px;\n--wpforms-field-size-sublabel-spacing: 5px;\n--wpforms-field-size-icon-size: 1;\n--wpforms-label-size-font-size: 16px;\n--wpforms-label-size-line-height: 19px;\n--wpforms-label-size-sublabel-font-size: 14px;\n--wpforms-label-size-sublabel-line-height: 17px;\n--wpforms-button-size-font-size: 17px;\n--wpforms-button-size-height: 41px;\n--wpforms-button-size-padding-h: 15px;\n--wpforms-button-size-margin-top: 10px;\n--wpforms-container-shadow-size-box-shadow: none;\n\n\t\t\t\t}\n\t\t\t<\/style><style id=\"wpforms-css-vars-elementor-widget-13fb9f16\">\n\t\t\t\t.elementor-widget-wpforms.elementor-element-13fb9f16 {\n\t\t\t\t\t--wpforms-field-border-radius: 0px;\n--wpforms-field-border-color: #E1DFDF;\n--wpforms-field-border-color-spare: #E1DFDF;\n--wpforms-field-text-color: #64646480;\n--wpforms-label-color: #060504;\n--wpforms-label-sublabel-color: #060504CC;\n--wpforms-button-border-radius: 0px;\n--wpforms-button-background-color: #060504;\n--wpforms-field-size-input-height: 50px;\n--wpforms-field-size-input-spacing: 20px;\n--wpforms-field-size-font-size: 18px;\n--wpforms-field-size-line-height: 21px;\n--wpforms-field-size-padding-h: 14px;\n--wpforms-field-size-checkbox-size: 18px;\n--wpforms-field-size-sublabel-spacing: 10px;\n--wpforms-field-size-icon-size: 1.25;\n--wpforms-label-size-font-size: 16px;\n--wpforms-label-size-line-height: 19px;\n--wpforms-label-size-sublabel-font-size: 14px;\n--wpforms-label-size-sublabel-line-height: 17px;\n--wpforms-button-size-font-size: 20px;\n--wpforms-button-size-height: 48px;\n--wpforms-button-size-padding-h: 20px;\n--wpforms-button-size-margin-top: 15px;\n\n\t\t\t\t}\n\t\t\t<\/style><div class=\"wpforms-container wpforms-container-full wpforms-render-modern\" id=\"wpforms-183\"><form id=\"wpforms-form-183\" class=\"wpforms-validate wpforms-form wpforms-ajax-form\" data-formid=\"183\" method=\"post\" enctype=\"multipart\/form-data\" action=\"\/wp-json\/wp\/v2\/pages\/952\" data-token=\"69d6cba5aad45c6417074f6376466044\" data-token-time=\"1777078816\" data-trp-original-action=\"\/en\/wp-json\/wp\/v2\/pages\/952\"><div class=\"wpforms-head-container\"><div class=\"wpforms-title\">Let's discuss your project!<\/div><div class=\"wpforms-description\">We are here for you. Have a question or a project in mind? Leave us a message, and we will respond as quickly as possible! We\u2019d be delighted to collaborate with you to bring your ideas to life. Contact us today to discuss your needs.<\/div><\/div><noscript class=\"wpforms-error-noscript\">Please enable JavaScript in your browser to complete this form.<\/noscript><div class=\"wpforms-hidden\" id=\"wpforms-error-noscript\">Please enable JavaScript in your browser to complete this form.<\/div><div class=\"wpforms-field-container\"><div id=\"wpforms-183-field_6-container\" class=\"wpforms-field wpforms-field-layout\" data-field-id=\"6\"><div class=\"wpforms-field-layout-rows wpforms-field-large\"><div class=\"wpforms-layout-row\"><div class=\"wpforms-layout-column wpforms-layout-column-50\"><div id=\"wpforms-183-field_5-container\" class=\"wpforms-field wpforms-field-text\" data-field-id=\"5\"><label class=\"wpforms-field-label\" for=\"wpforms-183-field_5\">First name<\/label><input type=\"text\" id=\"wpforms-183-field_5\" class=\"wpforms-field-medium\" name=\"wpforms[fields][5]\" placeholder=\"Please enter your first name\" aria-errormessage=\"wpforms-183-field_5-error\" ><\/div><\/div><div class=\"wpforms-layout-column wpforms-layout-column-50\"><div id=\"wpforms-183-field_7-container\" class=\"wpforms-field wpforms-field-text\" data-field-id=\"7\"><label class=\"wpforms-field-label\" for=\"wpforms-183-field_7\">Last name<\/label><input type=\"text\" id=\"wpforms-183-field_7\" class=\"wpforms-field-medium\" name=\"wpforms[fields][7]\" placeholder=\"Please enter your last name\" aria-errormessage=\"wpforms-183-field_7-error\" ><\/div><\/div><\/div><div class=\"wpforms-layout-row\"><div class=\"wpforms-layout-column wpforms-layout-column-50\"><div id=\"wpforms-183-field_2-container\" class=\"wpforms-field wpforms-field-email\" data-field-id=\"2\"><label class=\"wpforms-field-label\" for=\"wpforms-183-field_2\">E-mail <span class=\"wpforms-required-label\" aria-hidden=\"true\">*<\/span><\/label><input type=\"email\" id=\"wpforms-183-field_2\" class=\"wpforms-field-medium wpforms-field-required\" name=\"wpforms[fields][2]\" placeholder=\"Enter your email address\" spellcheck=\"false\" aria-errormessage=\"wpforms-183-field_2-error\" required><\/div><\/div><div class=\"wpforms-layout-column wpforms-layout-column-50\"><div id=\"wpforms-183-field_8-container\" class=\"wpforms-field wpforms-field-phone\" data-field-id=\"8\"><label class=\"wpforms-field-label\" for=\"wpforms-183-field_8\">Phone <span class=\"wpforms-required-label\" aria-hidden=\"true\">*<\/span><\/label><input type=\"tel\" id=\"wpforms-183-field_8\" class=\"wpforms-field-medium wpforms-field-required\" data-rule-int-phone-field=\"true\" name=\"wpforms[fields][8]\" placeholder=\"Enter your phone number\" aria-label=\"Phone\" aria-errormessage=\"wpforms-183-field_8-error\" required><\/div><\/div><\/div><\/div><\/div><div id=\"wpforms-183-field_3-container\" class=\"wpforms-field wpforms-field-textarea\" data-field-id=\"3\"><label class=\"wpforms-field-label\" for=\"wpforms-183-field_3\">Your message<\/label><textarea id=\"wpforms-183-field_3\" class=\"wpforms-field-medium\" name=\"wpforms[fields][3]\" placeholder=\"Share your thoughts or project details\" aria-errormessage=\"wpforms-183-field_3-error\" ><\/textarea><\/div><div id=\"wpforms-183-field_9-container\" class=\"wpforms-field wpforms-field-payment-checkbox\" data-field-id=\"9\"><fieldset><legend class=\"wpforms-field-label wpforms-label-hide\" aria-hidden=\"false\">Accept <span class=\"wpforms-required-label\" aria-hidden=\"true\">*<\/span><\/legend><ul id=\"wpforms-183-field_9\" class=\"wpforms-field-required\"><li class=\"choice-1\"><input type=\"checkbox\" id=\"wpforms-183-field_9_1\" class=\"wpforms-payment-price\" data-amount=\"0.00\" name=\"wpforms[fields][9][]\" value=\"1\" aria-errormessage=\"wpforms-183-field_9_1-error\" required><label class=\"wpforms-field-label-inline\" for=\"wpforms-183-field_9_1\">I acknowledge having read the privacy policy<\/label><\/li><\/ul><\/fieldset><\/div><\/div><!-- .wpforms-field-container --><div class=\"wpforms-recaptcha-container wpforms-is-recaptcha wpforms-is-recaptcha-type-v2\" ><div class=\"g-recaptcha\" data-sitekey=\"6LftF_MqAAAAAFFVaMDVQvw-d0eEi8e8MfFGBrsT\"><\/div><input type=\"text\" name=\"g-recaptcha-hidden\" class=\"wpforms-recaptcha-hidden\" style=\"position:absolute!important;clip:rect(0,0,0,0)!important;height:1px!important;width:1px!important;border:0!important;overflow:hidden!important;padding:0!important;margin:0!important;\" data-rule-recaptcha=\"1\"><\/div><div class=\"wpforms-submit-container\" ><input type=\"hidden\" name=\"wpforms[id]\" value=\"183\"><input type=\"hidden\" name=\"page_title\" value=\"\"><input type=\"hidden\" name=\"page_url\" value=\"https:\/\/ghibiciconstruction.lu\/en\/wp-json\/wp\/v2\/pages\/952\"><button type=\"submit\" name=\"wpforms[submit]\" id=\"wpforms-submit-183\" class=\"wpforms-submit\" data-alt-text=\"Envoi...\" data-submit-text=\"D\u00e9posez votre demande\" aria-live=\"assertive\" value=\"wpforms-submit\">Submit your request<\/button><img decoding=\"async\" src=\"https:\/\/ghibiciconstruction.lu\/wp-content\/plugins\/wpforms\/assets\/images\/submit-spin.svg\" class=\"wpforms-submit-spinner\" style=\"display: none;\" width=\"26\" height=\"26\" alt=\"Loading\"><\/div><input type=\"hidden\" name=\"trp-form-language\" value=\"en\"\/><\/form><\/div>  <!-- .wpforms-container -->\t\t<\/div>\n\t\t\t\t<\/div>\n\t\t\t\t<\/div>\n\t\t<div class=\"elementor-element elementor-element-68db9d9b e-con-full e-flex e-con e-child\" data-id=\"68db9d9b\" data-element_type=\"container\" data-settings=\"{&quot;background_background&quot;:&quot;classic&quot;}\">\n\t\t\t\t<div class=\"elementor-element elementor-element-1a6d6f45 elementor-absolute elementor-hidden-mobile elementor-widget elementor-widget-image\" data-id=\"1a6d6f45\" data-element_type=\"widget\" data-settings=\"{&quot;_position&quot;:&quot;absolute&quot;}\" data-widget_type=\"image.default\">\n\t\t\t\t<div class=\"elementor-widget-container\">\n\t\t\t\t\t\t\t\t\t\t\t\t\t<img loading=\"lazy\" decoding=\"async\" width=\"150\" height=\"150\" src=\"https:\/\/ghibiciconstruction.lu\/wp-content\/uploads\/2024\/11\/Design-1.svg\" class=\"attachment-full size-full wp-image-342\" alt=\"\" \/>\t\t\t\t\t\t\t\t\t\t\t\t\t<\/div>\n\t\t\t\t<\/div>\n\t\t\t\t<\/div>\n\t\t\t\t<\/div>\n\t\t\t\t\t<\/div>\n\t\t\t\t<\/div>\n\t\t\t\t<\/div>","protected":false},"excerpt":{"rendered":"<p>R\u00e9novation d&#8217;appartement Donnez une nouvelle vie \u00e0 votre appartement gr\u00e2ce \u00e0 notre expertise en r\u00e9novation compl\u00e8te ou partielle. Que ce soit pour moderniser un int\u00e9rieur vieilli, optimiser l\u2019espace, ou cr\u00e9er une ambiance qui refl\u00e8te vos go\u00fbts et votre style, Ghibici Construction est votre partenaire id\u00e9al pour des r\u00e9sultats impeccables. Commencez votre projet Ce que nous [&hellip;]<\/p>","protected":false},"author":2,"featured_media":0,"parent":418,"menu_order":0,"comment_status":"closed","ping_status":"closed","template":"","meta":{"_acf_changed":false,"footnotes":""},"class_list":["post-952","page","type-page","status-publish","hentry"],"acf":[],"_links":{"self":[{"href":"https:\/\/ghibiciconstruction.lu\/en\/wp-json\/wp\/v2\/pages\/952","targetHints":{"allow":["GET"]}}],"collection":[{"href":"https:\/\/ghibiciconstruction.lu\/en\/wp-json\/wp\/v2\/pages"}],"about":[{"href":"https:\/\/ghibiciconstruction.lu\/en\/wp-json\/wp\/v2\/types\/page"}],"author":[{"embeddable":true,"href":"https:\/\/ghibiciconstruction.lu\/en\/wp-json\/wp\/v2\/users\/2"}],"replies":[{"embeddable":true,"href":"https:\/\/ghibiciconstruction.lu\/en\/wp-json\/wp\/v2\/comments?post=952"}],"version-history":[{"count":3,"href":"https:\/\/ghibiciconstruction.lu\/en\/wp-json\/wp\/v2\/pages\/952\/revisions"}],"predecessor-version":[{"id":1536,"href":"https:\/\/ghibiciconstruction.lu\/en\/wp-json\/wp\/v2\/pages\/952\/revisions\/1536"}],"up":[{"embeddable":true,"href":"https:\/\/ghibiciconstruction.lu\/en\/wp-json\/wp\/v2\/pages\/418"}],"wp:attachment":[{"href":"https:\/\/ghibiciconstruction.lu\/en\/wp-json\/wp\/v2\/media?parent=952"}],"curies":[{"name":"wp","href":"https:\/\/api.w.org\/{rel}","templated":true}]}}