{"id":970,"date":"2024-12-04T08:36:34","date_gmt":"2024-12-04T08:36:34","guid":{"rendered":"https:\/\/ghibiciconstruction.lu\/?page_id=970"},"modified":"2025-02-03T17:55:28","modified_gmt":"2025-02-03T17:55:28","slug":"renovation-de-cuisine","status":"publish","type":"page","link":"https:\/\/ghibiciconstruction.lu\/en\/services\/renovation-de-cuisine\/","title":{"rendered":"Kitchen renovation"},"content":{"rendered":"<div data-elementor-type=\"wp-page\" data-elementor-id=\"970\" class=\"elementor elementor-970\" data-elementor-post-type=\"page\">\n\t\t\t\t<div class=\"elementor-element elementor-element-324f6f0f e-flex e-con-boxed e-con e-parent\" data-id=\"324f6f0f\" data-element_type=\"container\" data-settings=\"{&quot;background_background&quot;:&quot;slideshow&quot;,&quot;background_slideshow_gallery&quot;:[{&quot;id&quot;:763,&quot;url&quot;:&quot;http:\\\/\\\/ghibiciconstruction.lu\\\/wp-content\\\/uploads\\\/2024\\\/12\\\/Image-50-1.jpg&quot;},{&quot;id&quot;:973,&quot;url&quot;:&quot;http:\\\/\\\/ghibiciconstruction.lu\\\/wp-content\\\/uploads\\\/2024\\\/12\\\/bz-ap-210824-3000-25.jpg&quot;}],&quot;background_slideshow_slide_duration&quot;:4000,&quot;background_slideshow_slide_transition&quot;:&quot;slide_left&quot;,&quot;background_slideshow_transition_duration&quot;:800,&quot;background_slideshow_ken_burns&quot;:&quot;yes&quot;,&quot;background_slideshow_lazyload&quot;:&quot;yes&quot;,&quot;background_slideshow_loop&quot;:&quot;yes&quot;,&quot;background_slideshow_ken_burns_zoom_direction&quot;:&quot;in&quot;}\">\n\t\t\t\t\t<div class=\"e-con-inner\">\n\t\t\t\t<div class=\"elementor-element elementor-element-b3055d1 elementor-widget elementor-widget-hub_fancy_heading\" data-id=\"b3055d1\" data-element_type=\"widget\" data-widget_type=\"hub_fancy_heading.default\">\n\t\t\t\t<div class=\"elementor-widget-container\">\n\t\t\t\n\t\t<div id=\"ld-fancy-heading-69ec089459677\" class=\"ld-fancy-heading pos-rel\">\n\t\t\t<h1 class=\"ld-fh-element d-inline-block pos-rel  elementor-heading-title lqd-highlight-classic lqd-highlight-grow-left h1\"  > Kitchen renovation<\/h1>\t\t<\/div>\n\n\t\t\t\t<\/div>\n\t\t\t\t<\/div>\n\t\t\t\t<div class=\"elementor-element elementor-element-2b9cf7ff elementor-widget__width-initial elementor-widget elementor-widget-hub_fancy_heading\" data-id=\"2b9cf7ff\" data-element_type=\"widget\" data-widget_type=\"hub_fancy_heading.default\">\n\t\t\t\t<div class=\"elementor-widget-container\">\n\t\t\t\n\t\t<div id=\"ld-fancy-heading-69ec089459c82\" class=\"ld-fancy-heading pos-rel\">\n\t\t\t<p class=\"ld-fh-element d-inline-block pos-rel  lqd-highlight-classic lqd-highlight-grow-left p\"  > Give your kitchen a new lease on life with Ghibici Construction. Whether you want to modernize an aging space or completely transform your kitchen, our team brings its expertise to create a practical, stylish, and personalized space tailored to your needs.<\/p>\t\t<\/div>\n\n\t\t\t\t<\/div>\n\t\t\t\t<\/div>\n\t\t\t\t<div class=\"elementor-element elementor-element-1fbe74fe elementor-widget elementor-widget-spacer\" data-id=\"1fbe74fe\" data-element_type=\"widget\" data-widget_type=\"spacer.default\">\n\t\t\t\t<div class=\"elementor-widget-container\">\n\t\t\t\t\t<div class=\"elementor-spacer\">\n\t\t\t<div class=\"elementor-spacer-inner\"><\/div>\n\t\t<\/div>\n\t\t\t\t<\/div>\n\t\t\t\t<\/div>\n\t\t\t\t<div class=\"elementor-element elementor-element-06678ee elementor-widget elementor-widget-ld_button\" data-id=\"06678ee\" data-element_type=\"widget\" data-widget_type=\"ld_button.default\">\n\t\t\t\t<div class=\"elementor-widget-container\">\n\t\t\t\n\t\t\t<a\n\t\t\t\tclass=\"elementor-button btn btn-solid btn-icon-right btn-has-label\" data-lqd-lity=\"#modal-1432\" href=\"#modal-1432\"\t\t\t>\n\t\t\t\t\t\t\t\t\t<span data-text=\"Commencez votre projet\" class=\"btn-txt\">\n\t\t\t\t\t\tStart your project\t\t\t\t\t<\/span>\n\t\t\t\t\t\t\t\t\t\t\t\t\t\t<span class=\"btn-icon\">\n\t\t\t\t\t\t\t<svg xmlns=\"http:\/\/www.w3.org\/2000\/svg\" width=\"18\" height=\"16\" viewbox=\"0 0 18 16\" fill=\"none\"><path d=\"M16.5 8.33105H1.5\" stroke=\"white\" stroke-width=\"1.25\" stroke-linecap=\"round\" stroke-linejoin=\"round\"><\/path><path d=\"M14 10.8311L16.5 8.33105L14 5.83105\" stroke=\"white\" stroke-width=\"1.25\" stroke-linecap=\"round\" stroke-linejoin=\"round\"><\/path><\/svg>\t\t\t\t\t\t<\/span>\n\t\t\t\t\t\t\t\t\t<\/a>\n\t\t\t\t\t<\/div>\n\t\t\t\t<\/div>\n\t\t\t\t\t<\/div>\n\t\t\t\t<\/div>\n\t\t<div class=\"elementor-element elementor-element-568cc4fa e-flex e-con-boxed e-con e-parent\" data-id=\"568cc4fa\" data-element_type=\"container\">\n\t\t\t\t\t<div class=\"e-con-inner\">\n\t\t\t\t<div class=\"elementor-element elementor-element-576fc36d elementor-widget elementor-widget-hub_fancy_heading\" data-id=\"576fc36d\" data-element_type=\"widget\" data-widget_type=\"hub_fancy_heading.default\">\n\t\t\t\t<div class=\"elementor-widget-container\">\n\t\t\t\n\t\t<div id=\"ld-fancy-heading-69ec08945c732\" class=\"ld-fancy-heading pos-rel\">\n\t\t\t<p class=\"ld-fh-element d-inline-block pos-rel  lqd-highlight-classic lqd-highlight-grow-left p\"  > Our kitchen renovation services:<\/p>\t\t<\/div>\n\n\t\t\t\t<\/div>\n\t\t\t\t<\/div>\n\t\t\t\t<div class=\"elementor-element elementor-element-23ba27b1 elementor-widget elementor-widget-text-editor\" data-id=\"23ba27b1\" data-element_type=\"widget\" data-widget_type=\"text-editor.default\">\n\t\t\t\t<div class=\"elementor-widget-container\">\n\t\t\t\t\t\t\t<ul><li><p class=\" translation-block\"><strong>Space planning and optimization<\/strong><br>\nWe help you rethink your kitchen layout to maximize space, improve functionality, and integrate modern storage solutions.<\/p><\/li><li><p class=\" translation-block\"><strong>Installation of new equipment<\/strong><br>\nFrom custom cabinetry and integrated appliances to high-quality countertops, we ensure every element is perfectly suited to your lifestyle.<\/p><\/li><li><p class=\" translation-block\"><strong>Floor and wall renovation<\/strong><br>\nWe handle flooring (tile, parquet, vinyl) and wall finishes (paint, backsplashes, specialized coverings) to create a cohesive and contemporary design.<\/p><\/li><li><p class=\" translation-block\"><strong>Code compliance and system optimization<\/strong><br>\nOur team manages plumbing, electrical work, and ventilation systems to ensure a secure and fully functional kitchen that meets current standards.<\/p><\/li><li><p class=\" translation-block\"><strong>Premium finishes<\/strong><br>\nWith meticulous attention to detail, we guarantee flawless finishes for a kitchen that combines style and durability.<\/p><\/li><\/ul>\t\t\t\t\t\t<\/div>\n\t\t\t\t<\/div>\n\t\t<div class=\"elementor-element elementor-element-64a51548 e-con-full e-flex e-con e-child\" data-id=\"64a51548\" data-element_type=\"container\">\n\t\t\t\t<div class=\"elementor-element elementor-element-22d63111 elementor-widget elementor-widget-image\" data-id=\"22d63111\" data-element_type=\"widget\" data-widget_type=\"image.default\">\n\t\t\t\t<div class=\"elementor-widget-container\">\n\t\t\t\t\t\t\t\t\t\t\t\t\t<img fetchpriority=\"high\" decoding=\"async\" width=\"780\" height=\"520\" src=\"https:\/\/ghibiciconstruction.lu\/wp-content\/uploads\/2024\/12\/bz-ap-210824-3000-32-1024x683.jpg\" class=\"attachment-large size-large wp-image-975\" alt=\"\" srcset=\"https:\/\/ghibiciconstruction.lu\/wp-content\/uploads\/2024\/12\/bz-ap-210824-3000-32-1024x683.jpg 1024w, https:\/\/ghibiciconstruction.lu\/wp-content\/uploads\/2024\/12\/bz-ap-210824-3000-32-300x200.jpg 300w, https:\/\/ghibiciconstruction.lu\/wp-content\/uploads\/2024\/12\/bz-ap-210824-3000-32-1536x1024.jpg 1536w, https:\/\/ghibiciconstruction.lu\/wp-content\/uploads\/2024\/12\/bz-ap-210824-3000-32-2048x1365.jpg 2048w, https:\/\/ghibiciconstruction.lu\/wp-content\/uploads\/2024\/12\/bz-ap-210824-3000-32-720x480.jpg 720w, https:\/\/ghibiciconstruction.lu\/wp-content\/uploads\/2024\/12\/bz-ap-210824-3000-32-18x12.jpg 18w, https:\/\/ghibiciconstruction.lu\/wp-content\/uploads\/2024\/12\/bz-ap-210824-3000-32.jpg 1920w\" sizes=\"(max-width: 780px) 100vw, 780px\" \/>\t\t\t\t\t\t\t\t\t\t\t\t\t<\/div>\n\t\t\t\t<\/div>\n\t\t\t\t<div class=\"elementor-element elementor-element-18f8dc68 elementor-widget elementor-widget-image\" data-id=\"18f8dc68\" data-element_type=\"widget\" data-widget_type=\"image.default\">\n\t\t\t\t<div class=\"elementor-widget-container\">\n\t\t\t\t\t\t\t\t\t\t\t\t\t<img decoding=\"async\" width=\"780\" height=\"520\" src=\"data:image\/svg+xml;charset=utf-8,%3Csvg xmlns%3D&#039;http%3A%2F%2Fwww.w3.org%2F2000%2Fsvg&#039; viewBox%3D&#039;0 0 1024 683&#039;%2F%3E\" class=\"attachment-large size-large wp-image-974 ld-lazyload\" alt=\"\" data-src=\"https:\/\/ghibiciconstruction.lu\/wp-content\/uploads\/2024\/12\/bz-ap-210824-3000-31-1024x683.jpg\" data-srcset=\"https:\/\/ghibiciconstruction.lu\/wp-content\/uploads\/2024\/12\/bz-ap-210824-3000-31-1024x683.jpg 1024w, https:\/\/ghibiciconstruction.lu\/wp-content\/uploads\/2024\/12\/bz-ap-210824-3000-31-300x200.jpg 300w, https:\/\/ghibiciconstruction.lu\/wp-content\/uploads\/2024\/12\/bz-ap-210824-3000-31-1536x1024.jpg 1536w, https:\/\/ghibiciconstruction.lu\/wp-content\/uploads\/2024\/12\/bz-ap-210824-3000-31-2048x1365.jpg 2048w, https:\/\/ghibiciconstruction.lu\/wp-content\/uploads\/2024\/12\/bz-ap-210824-3000-31-720x480.jpg 720w, https:\/\/ghibiciconstruction.lu\/wp-content\/uploads\/2024\/12\/bz-ap-210824-3000-31-18x12.jpg 18w, https:\/\/ghibiciconstruction.lu\/wp-content\/uploads\/2024\/12\/bz-ap-210824-3000-31.jpg 1920w\" data-sizes=\"(max-width: 780px) 100vw, 780px\" data-aspect=\"1.4992679355783\" \/>\t\t\t\t\t\t\t\t\t\t\t\t\t<\/div>\n\t\t\t\t<\/div>\n\t\t\t\t<\/div>\n\t\t\t\t<div class=\"elementor-element elementor-element-1c876112 elementor-widget elementor-widget-hub_fancy_heading\" data-id=\"1c876112\" data-element_type=\"widget\" data-widget_type=\"hub_fancy_heading.default\">\n\t\t\t\t<div class=\"elementor-widget-container\">\n\t\t\t\n\t\t<div id=\"ld-fancy-heading-69ec08945cc9b\" class=\"ld-fancy-heading pos-rel\">\n\t\t\t<p class=\"ld-fh-element d-inline-block pos-rel  lqd-highlight-classic lqd-highlight-grow-left p\"  > Why choose Ghibici Construction for your kitchen?<\/p>\t\t<\/div>\n\n\t\t\t\t<\/div>\n\t\t\t\t<\/div>\n\t\t\t\t<div class=\"elementor-element elementor-element-149b95b7 elementor-widget elementor-widget-text-editor\" data-id=\"149b95b7\" data-element_type=\"widget\" data-widget_type=\"text-editor.default\">\n\t\t\t\t<div class=\"elementor-widget-container\">\n\t\t\t\t\t\t\t<ul><li class=\" translation-block\"><strong>Tailored expertise<\/strong>: Every project is unique, and we collaborate closely with you to deliver a kitchen that reflects your vision.<\/li><li class=\" translation-block\"><strong>High-quality materials<\/strong>: We select durable and aesthetic materials for impeccable results.<\/li><li class=\" translation-block\"><strong>On-time delivery<\/strong>: We efficiently manage your project to ensure your new kitchen is ready as planned.<\/li><li class=\" translation-block\"><strong>Proven experience<\/strong>: Our experts handle every stage of the renovation, from design to execution.<\/li><\/ul>\t\t\t\t\t\t<\/div>\n\t\t\t\t<\/div>\n\t\t\t\t<div class=\"elementor-element elementor-element-17bb95ec elementor-hidden-desktop elementor-hidden-tablet elementor-hidden-mobile elementor-widget elementor-widget-video\" data-id=\"17bb95ec\" data-element_type=\"widget\" data-settings=\"{&quot;youtube_url&quot;:&quot;https:\\\/\\\/www.youtube.com\\\/watch?v=XHOmBV4js_E&quot;,&quot;yt_privacy&quot;:&quot;yes&quot;,&quot;show_image_overlay&quot;:&quot;yes&quot;,&quot;image_overlay&quot;:{&quot;url&quot;:&quot;http:\\\/\\\/ghibiciconstruction.lu\\\/wp-content\\\/uploads\\\/2024\\\/11\\\/Image-47-1.jpg&quot;,&quot;id&quot;:155,&quot;size&quot;:&quot;&quot;,&quot;alt&quot;:&quot;&quot;,&quot;source&quot;:&quot;library&quot;},&quot;video_type&quot;:&quot;youtube&quot;,&quot;controls&quot;:&quot;yes&quot;}\" data-widget_type=\"video.default\">\n\t\t\t\t<div class=\"elementor-widget-container\">\n\t\t\t\t\t<div class=\"elementor-wrapper elementor-open-inline\">\n\t\t\t<div class=\"elementor-video\"><\/div>\t\t\t\t<div class=\"elementor-custom-embed-image-overlay\" style=\"background-image: url(https:\/\/ghibiciconstruction.lu\/wp-content\/uploads\/2024\/11\/Image-47-1.jpg);\">\n\t\t\t\t\t\t\t\t\t\t\t\t\t\t\t\t<div class=\"elementor-custom-embed-play\" role=\"button\" aria-label=\"Lire la vid\u00e9o\" tabindex=\"0\">\n\t\t\t\t\t\t\t<svg aria-hidden=\"true\" class=\"e-font-icon-svg e-eicon-play\" viewbox=\"0 0 1000 1000\" xmlns=\"http:\/\/www.w3.org\/2000\/svg\"><path d=\"M838 162C746 71 633 25 500 25 371 25 258 71 163 162 71 254 25 367 25 500 25 633 71 746 163 837 254 929 367 979 500 979 633 979 746 933 838 837 929 746 975 633 975 500 975 367 929 254 838 162M808 192C892 279 933 379 933 500 933 621 892 725 808 808 725 892 621 938 500 938 379 938 279 896 196 808 113 725 67 621 67 500 67 379 108 279 196 192 279 108 383 62 500 62 621 62 721 108 808 192M438 392V642L642 517 438 392Z\"><\/path><\/svg>\t\t\t\t\t\t\t<span class=\"elementor-screen-only\">Lire la vid\u00e9o<\/span>\n\t\t\t\t\t\t<\/div>\n\t\t\t\t\t\t\t\t\t<\/div>\n\t\t\t\t\t<\/div>\n\t\t\t\t<\/div>\n\t\t\t\t<\/div>\n\t\t\t\t<div class=\"elementor-element elementor-element-5315464c elementor-widget elementor-widget-hub_fancy_heading\" data-id=\"5315464c\" data-element_type=\"widget\" data-widget_type=\"hub_fancy_heading.default\">\n\t\t\t\t<div class=\"elementor-widget-container\">\n\t\t\t\n\t\t<div id=\"ld-fancy-heading-69ec08945d1e4\" class=\"ld-fancy-heading pos-rel\">\n\t\t\t<p class=\"ld-fh-element d-inline-block pos-rel  lqd-highlight-classic lqd-highlight-grow-left p\"  > A turnkey kitchen project<\/p>\t\t<\/div>\n\n\t\t\t\t<\/div>\n\t\t\t\t<\/div>\n\t\t\t\t<div class=\"elementor-element elementor-element-6bd813c3 elementor-widget elementor-widget-text-editor\" data-id=\"6bd813c3\" data-element_type=\"widget\" data-widget_type=\"text-editor.default\">\n\t\t\t\t<div class=\"elementor-widget-container\">\n\t\t\t\t\t\t\t<p>Transform your kitchen into a modern, inviting, and functional space with Ghibici Construction. We handle everything from design to the final detail, making your dream kitchen a reality.<\/p><p><strong>Contact us today to discuss your kitchen project and receive a personalized quote!<\/strong><\/p>\t\t\t\t\t\t<\/div>\n\t\t\t\t<\/div>\n\t\t\t\t\t<\/div>\n\t\t\t\t<\/div>\n\t\t<div class=\"elementor-element elementor-element-149b2dd9 e-flex e-con-boxed e-con e-parent\" data-id=\"149b2dd9\" data-element_type=\"container\" data-settings=\"{&quot;background_background&quot;:&quot;classic&quot;}\">\n\t\t\t\t\t<div class=\"e-con-inner\">\n\t\t<div class=\"elementor-element elementor-element-1245c22c e-con-full e-flex e-con e-child\" data-id=\"1245c22c\" data-element_type=\"container\" data-settings=\"{&quot;background_background&quot;:&quot;classic&quot;}\">\n\t\t<div class=\"elementor-element elementor-element-68c34c7 e-con-full e-flex e-con e-child\" data-id=\"68c34c7\" data-element_type=\"container\">\n\t\t\t\t<div class=\"elementor-element elementor-element-70929a41 elementor-widget elementor-widget-wpforms\" data-id=\"70929a41\" data-element_type=\"widget\" data-widget_type=\"wpforms.default\">\n\t\t\t\t<div class=\"elementor-widget-container\">\n\t\t\t<style id=\"wpforms-css-vars-root\">\n\t\t\t\t:root {\n\t\t\t\t\t--wpforms-field-border-radius: 3px;\n--wpforms-field-border-style: solid;\n--wpforms-field-border-size: 1px;\n--wpforms-field-background-color: #ffffff;\n--wpforms-field-border-color: rgba( 0, 0, 0, 0.25 );\n--wpforms-field-border-color-spare: rgba( 0, 0, 0, 0.25 );\n--wpforms-field-text-color: rgba( 0, 0, 0, 0.7 );\n--wpforms-field-menu-color: #ffffff;\n--wpforms-label-color: rgba( 0, 0, 0, 0.85 );\n--wpforms-label-sublabel-color: rgba( 0, 0, 0, 0.55 );\n--wpforms-label-error-color: #d63637;\n--wpforms-button-border-radius: 3px;\n--wpforms-button-border-style: none;\n--wpforms-button-border-size: 1px;\n--wpforms-button-background-color: #066aab;\n--wpforms-button-border-color: #066aab;\n--wpforms-button-text-color: #ffffff;\n--wpforms-page-break-color: #066aab;\n--wpforms-background-image: none;\n--wpforms-background-position: center center;\n--wpforms-background-repeat: no-repeat;\n--wpforms-background-size: cover;\n--wpforms-background-width: 100px;\n--wpforms-background-height: 100px;\n--wpforms-background-color: rgba( 0, 0, 0, 0 );\n--wpforms-background-url: none;\n--wpforms-container-padding: 0px;\n--wpforms-container-border-style: none;\n--wpforms-container-border-width: 1px;\n--wpforms-container-border-color: #000000;\n--wpforms-container-border-radius: 3px;\n--wpforms-field-size-input-height: 43px;\n--wpforms-field-size-input-spacing: 15px;\n--wpforms-field-size-font-size: 16px;\n--wpforms-field-size-line-height: 19px;\n--wpforms-field-size-padding-h: 14px;\n--wpforms-field-size-checkbox-size: 16px;\n--wpforms-field-size-sublabel-spacing: 5px;\n--wpforms-field-size-icon-size: 1;\n--wpforms-label-size-font-size: 16px;\n--wpforms-label-size-line-height: 19px;\n--wpforms-label-size-sublabel-font-size: 14px;\n--wpforms-label-size-sublabel-line-height: 17px;\n--wpforms-button-size-font-size: 17px;\n--wpforms-button-size-height: 41px;\n--wpforms-button-size-padding-h: 15px;\n--wpforms-button-size-margin-top: 10px;\n--wpforms-container-shadow-size-box-shadow: none;\n\n\t\t\t\t}\n\t\t\t<\/style><style id=\"wpforms-css-vars-elementor-widget-70929a41\">\n\t\t\t\t.elementor-widget-wpforms.elementor-element-70929a41 {\n\t\t\t\t\t--wpforms-field-border-radius: 0px;\n--wpforms-field-border-color: #E1DFDF;\n--wpforms-field-border-color-spare: #E1DFDF;\n--wpforms-field-text-color: #64646480;\n--wpforms-label-color: #060504;\n--wpforms-label-sublabel-color: #060504CC;\n--wpforms-button-border-radius: 0px;\n--wpforms-button-background-color: #060504;\n--wpforms-field-size-input-height: 50px;\n--wpforms-field-size-input-spacing: 20px;\n--wpforms-field-size-font-size: 18px;\n--wpforms-field-size-line-height: 21px;\n--wpforms-field-size-padding-h: 14px;\n--wpforms-field-size-checkbox-size: 18px;\n--wpforms-field-size-sublabel-spacing: 10px;\n--wpforms-field-size-icon-size: 1.25;\n--wpforms-label-size-font-size: 16px;\n--wpforms-label-size-line-height: 19px;\n--wpforms-label-size-sublabel-font-size: 14px;\n--wpforms-label-size-sublabel-line-height: 17px;\n--wpforms-button-size-font-size: 20px;\n--wpforms-button-size-height: 48px;\n--wpforms-button-size-padding-h: 20px;\n--wpforms-button-size-margin-top: 15px;\n\n\t\t\t\t}\n\t\t\t<\/style><div class=\"wpforms-container wpforms-container-full wpforms-render-modern\" id=\"wpforms-183\"><form id=\"wpforms-form-183\" class=\"wpforms-validate wpforms-form wpforms-ajax-form\" data-formid=\"183\" method=\"post\" enctype=\"multipart\/form-data\" action=\"\/wp-json\/wp\/v2\/pages\/970\" data-token=\"69d6cba5aad45c6417074f6376466044\" data-token-time=\"1777076372\" data-trp-original-action=\"\/en\/wp-json\/wp\/v2\/pages\/970\"><div class=\"wpforms-head-container\"><div class=\"wpforms-title\">Let's discuss your project!<\/div><div class=\"wpforms-description\">We are here for you. Have a question or a project in mind? Leave us a message, and we will respond as quickly as possible! We\u2019d be delighted to collaborate with you to bring your ideas to life. Contact us today to discuss your needs.<\/div><\/div><noscript class=\"wpforms-error-noscript\">Please enable JavaScript in your browser to complete this form.<\/noscript><div class=\"wpforms-hidden\" id=\"wpforms-error-noscript\">Please enable JavaScript in your browser to complete this form.<\/div><div class=\"wpforms-field-container\"><div id=\"wpforms-183-field_6-container\" class=\"wpforms-field wpforms-field-layout\" data-field-id=\"6\"><div class=\"wpforms-field-layout-rows wpforms-field-large\"><div class=\"wpforms-layout-row\"><div class=\"wpforms-layout-column wpforms-layout-column-50\"><div id=\"wpforms-183-field_5-container\" class=\"wpforms-field wpforms-field-text\" data-field-id=\"5\"><label class=\"wpforms-field-label\" for=\"wpforms-183-field_5\">First name<\/label><input type=\"text\" id=\"wpforms-183-field_5\" class=\"wpforms-field-medium\" name=\"wpforms[fields][5]\" placeholder=\"Please enter your first name\" aria-errormessage=\"wpforms-183-field_5-error\" ><\/div><\/div><div class=\"wpforms-layout-column wpforms-layout-column-50\"><div id=\"wpforms-183-field_7-container\" class=\"wpforms-field wpforms-field-text\" data-field-id=\"7\"><label class=\"wpforms-field-label\" for=\"wpforms-183-field_7\">Last name<\/label><input type=\"text\" id=\"wpforms-183-field_7\" class=\"wpforms-field-medium\" name=\"wpforms[fields][7]\" placeholder=\"Please enter your last name\" aria-errormessage=\"wpforms-183-field_7-error\" ><\/div><\/div><\/div><div class=\"wpforms-layout-row\"><div class=\"wpforms-layout-column wpforms-layout-column-50\"><div id=\"wpforms-183-field_2-container\" class=\"wpforms-field wpforms-field-email\" data-field-id=\"2\"><label class=\"wpforms-field-label\" for=\"wpforms-183-field_2\">E-mail <span class=\"wpforms-required-label\" aria-hidden=\"true\">*<\/span><\/label><input type=\"email\" id=\"wpforms-183-field_2\" class=\"wpforms-field-medium wpforms-field-required\" name=\"wpforms[fields][2]\" placeholder=\"Enter your email address\" spellcheck=\"false\" aria-errormessage=\"wpforms-183-field_2-error\" required><\/div><\/div><div class=\"wpforms-layout-column wpforms-layout-column-50\"><div id=\"wpforms-183-field_8-container\" class=\"wpforms-field wpforms-field-phone\" data-field-id=\"8\"><label class=\"wpforms-field-label\" for=\"wpforms-183-field_8\">Phone <span class=\"wpforms-required-label\" aria-hidden=\"true\">*<\/span><\/label><input type=\"tel\" id=\"wpforms-183-field_8\" class=\"wpforms-field-medium wpforms-field-required\" data-rule-int-phone-field=\"true\" name=\"wpforms[fields][8]\" placeholder=\"Enter your phone number\" aria-label=\"Phone\" aria-errormessage=\"wpforms-183-field_8-error\" required><\/div><\/div><\/div><\/div><\/div><div id=\"wpforms-183-field_3-container\" class=\"wpforms-field wpforms-field-textarea\" data-field-id=\"3\"><label class=\"wpforms-field-label\" for=\"wpforms-183-field_3\">Your message<\/label><textarea id=\"wpforms-183-field_3\" class=\"wpforms-field-medium\" name=\"wpforms[fields][3]\" placeholder=\"Share your thoughts or project details\" aria-errormessage=\"wpforms-183-field_3-error\" ><\/textarea><\/div><div id=\"wpforms-183-field_9-container\" class=\"wpforms-field wpforms-field-payment-checkbox\" data-field-id=\"9\"><fieldset><legend class=\"wpforms-field-label wpforms-label-hide\" aria-hidden=\"false\">Accept <span class=\"wpforms-required-label\" aria-hidden=\"true\">*<\/span><\/legend><ul id=\"wpforms-183-field_9\" class=\"wpforms-field-required\"><li class=\"choice-1\"><input type=\"checkbox\" id=\"wpforms-183-field_9_1\" class=\"wpforms-payment-price\" data-amount=\"0.00\" name=\"wpforms[fields][9][]\" value=\"1\" aria-errormessage=\"wpforms-183-field_9_1-error\" required><label class=\"wpforms-field-label-inline\" for=\"wpforms-183-field_9_1\">I acknowledge having read the privacy policy<\/label><\/li><\/ul><\/fieldset><\/div><\/div><!-- .wpforms-field-container --><div class=\"wpforms-recaptcha-container wpforms-is-recaptcha wpforms-is-recaptcha-type-v2\" ><div class=\"g-recaptcha\" data-sitekey=\"6LftF_MqAAAAAFFVaMDVQvw-d0eEi8e8MfFGBrsT\"><\/div><input type=\"text\" name=\"g-recaptcha-hidden\" class=\"wpforms-recaptcha-hidden\" style=\"position:absolute!important;clip:rect(0,0,0,0)!important;height:1px!important;width:1px!important;border:0!important;overflow:hidden!important;padding:0!important;margin:0!important;\" data-rule-recaptcha=\"1\"><\/div><div class=\"wpforms-submit-container\" ><input type=\"hidden\" name=\"wpforms[id]\" value=\"183\"><input type=\"hidden\" name=\"page_title\" value=\"\"><input type=\"hidden\" name=\"page_url\" value=\"https:\/\/ghibiciconstruction.lu\/en\/wp-json\/wp\/v2\/pages\/970\"><button type=\"submit\" name=\"wpforms[submit]\" id=\"wpforms-submit-183\" class=\"wpforms-submit\" data-alt-text=\"Envoi...\" data-submit-text=\"D\u00e9posez votre demande\" aria-live=\"assertive\" value=\"wpforms-submit\">Submit your request<\/button><img decoding=\"async\" src=\"https:\/\/ghibiciconstruction.lu\/wp-content\/plugins\/wpforms\/assets\/images\/submit-spin.svg\" class=\"wpforms-submit-spinner\" style=\"display: none;\" width=\"26\" height=\"26\" alt=\"Loading\"><\/div><input type=\"hidden\" name=\"trp-form-language\" value=\"en\"\/><\/form><\/div>  <!-- .wpforms-container -->\t\t<\/div>\n\t\t\t\t<\/div>\n\t\t\t\t<\/div>\n\t\t<div class=\"elementor-element elementor-element-734bad4c e-con-full e-flex e-con e-child\" data-id=\"734bad4c\" data-element_type=\"container\" data-settings=\"{&quot;background_background&quot;:&quot;classic&quot;}\">\n\t\t\t\t<div class=\"elementor-element elementor-element-345c60b3 elementor-absolute elementor-hidden-mobile elementor-widget elementor-widget-image\" data-id=\"345c60b3\" data-element_type=\"widget\" data-settings=\"{&quot;_position&quot;:&quot;absolute&quot;}\" data-widget_type=\"image.default\">\n\t\t\t\t<div class=\"elementor-widget-container\">\n\t\t\t\t\t\t\t\t\t\t\t\t\t<img loading=\"lazy\" decoding=\"async\" width=\"150\" height=\"150\" src=\"https:\/\/ghibiciconstruction.lu\/wp-content\/uploads\/2024\/11\/Design-1.svg\" class=\"attachment-full size-full wp-image-342\" alt=\"\" \/>\t\t\t\t\t\t\t\t\t\t\t\t\t<\/div>\n\t\t\t\t<\/div>\n\t\t\t\t<\/div>\n\t\t\t\t<\/div>\n\t\t\t\t\t<\/div>\n\t\t\t\t<\/div>\n\t\t\t\t<\/div>","protected":false},"excerpt":{"rendered":"<p>R\u00e9novation de cuisine Offrez \u00e0 votre cuisine une nouvelle vie gr\u00e2ce aux services de r\u00e9novation de Ghibici Construction. Que vous souhaitiez moderniser un espace vieillissant ou transformer compl\u00e8tement votre cuisine, notre \u00e9quipe met son savoir-faire \u00e0 votre service pour cr\u00e9er un espace pratique, esth\u00e9tique et adapt\u00e9 \u00e0 vos besoins. Commencez votre projet Nos services de [&hellip;]<\/p>","protected":false},"author":2,"featured_media":0,"parent":418,"menu_order":0,"comment_status":"closed","ping_status":"closed","template":"","meta":{"_acf_changed":false,"footnotes":""},"class_list":["post-970","page","type-page","status-publish","hentry"],"acf":[],"_links":{"self":[{"href":"https:\/\/ghibiciconstruction.lu\/en\/wp-json\/wp\/v2\/pages\/970","targetHints":{"allow":["GET"]}}],"collection":[{"href":"https:\/\/ghibiciconstruction.lu\/en\/wp-json\/wp\/v2\/pages"}],"about":[{"href":"https:\/\/ghibiciconstruction.lu\/en\/wp-json\/wp\/v2\/types\/page"}],"author":[{"embeddable":true,"href":"https:\/\/ghibiciconstruction.lu\/en\/wp-json\/wp\/v2\/users\/2"}],"replies":[{"embeddable":true,"href":"https:\/\/ghibiciconstruction.lu\/en\/wp-json\/wp\/v2\/comments?post=970"}],"version-history":[{"count":3,"href":"https:\/\/ghibiciconstruction.lu\/en\/wp-json\/wp\/v2\/pages\/970\/revisions"}],"predecessor-version":[{"id":1548,"href":"https:\/\/ghibiciconstruction.lu\/en\/wp-json\/wp\/v2\/pages\/970\/revisions\/1548"}],"up":[{"embeddable":true,"href":"https:\/\/ghibiciconstruction.lu\/en\/wp-json\/wp\/v2\/pages\/418"}],"wp:attachment":[{"href":"https:\/\/ghibiciconstruction.lu\/en\/wp-json\/wp\/v2\/media?parent=970"}],"curies":[{"name":"wp","href":"https:\/\/api.w.org\/{rel}","templated":true}]}}