{"id":996,"date":"2024-12-04T10:02:28","date_gmt":"2024-12-04T10:02:28","guid":{"rendered":"https:\/\/ghibiciconstruction.lu\/?page_id=996"},"modified":"2025-02-03T17:50:15","modified_gmt":"2025-02-03T17:50:15","slug":"sols-et-carrelage","status":"publish","type":"page","link":"https:\/\/ghibiciconstruction.lu\/it\/services\/sols-et-carrelage\/","title":{"rendered":"Posa di pavimenti e piastrelle"},"content":{"rendered":"<div data-elementor-type=\"wp-page\" data-elementor-id=\"996\" class=\"elementor elementor-996\" data-elementor-post-type=\"page\">\n\t\t\t\t<div class=\"elementor-element elementor-element-3d45849e e-flex e-con-boxed e-con e-parent\" data-id=\"3d45849e\" data-element_type=\"container\" data-settings=\"{&quot;background_background&quot;:&quot;slideshow&quot;,&quot;background_slideshow_gallery&quot;:[{&quot;id&quot;:1001,&quot;url&quot;:&quot;http:\\\/\\\/ghibiciconstruction.lu\\\/wp-content\\\/uploads\\\/2024\\\/12\\\/1.png&quot;},{&quot;id&quot;:1002,&quot;url&quot;:&quot;http:\\\/\\\/ghibiciconstruction.lu\\\/wp-content\\\/uploads\\\/2024\\\/12\\\/4.png&quot;},{&quot;id&quot;:1003,&quot;url&quot;:&quot;http:\\\/\\\/ghibiciconstruction.lu\\\/wp-content\\\/uploads\\\/2024\\\/12\\\/5.png&quot;}],&quot;background_slideshow_slide_duration&quot;:4000,&quot;background_slideshow_slide_transition&quot;:&quot;slide_left&quot;,&quot;background_slideshow_transition_duration&quot;:800,&quot;background_slideshow_ken_burns&quot;:&quot;yes&quot;,&quot;background_slideshow_lazyload&quot;:&quot;yes&quot;,&quot;background_slideshow_loop&quot;:&quot;yes&quot;,&quot;background_slideshow_ken_burns_zoom_direction&quot;:&quot;in&quot;}\">\n\t\t\t\t\t<div class=\"e-con-inner\">\n\t\t\t\t<div class=\"elementor-element elementor-element-3f2c417c elementor-widget elementor-widget-hub_fancy_heading\" data-id=\"3f2c417c\" data-element_type=\"widget\" data-widget_type=\"hub_fancy_heading.default\">\n\t\t\t\t<div class=\"elementor-widget-container\">\n\t\t\t\n\t\t<div id=\"ld-fancy-heading-69ec086dddbb3\" class=\"ld-fancy-heading pos-rel\">\n\t\t\t<h1 class=\"ld-fh-element d-inline-block pos-rel  elementor-heading-title lqd-highlight-classic lqd-highlight-grow-left h1\"  > Posa di pavimenti e piastrelle<\/h1>\t\t<\/div>\n\n\t\t\t\t<\/div>\n\t\t\t\t<\/div>\n\t\t\t\t<div class=\"elementor-element elementor-element-1050fbbc elementor-widget__width-initial elementor-widget elementor-widget-hub_fancy_heading\" data-id=\"1050fbbc\" data-element_type=\"widget\" data-widget_type=\"hub_fancy_heading.default\">\n\t\t\t\t<div class=\"elementor-widget-container\">\n\t\t\t\n\t\t<div id=\"ld-fancy-heading-69ec086dde2a2\" class=\"ld-fancy-heading pos-rel\">\n\t\t\t<p class=\"ld-fh-element d-inline-block pos-rel  lqd-highlight-classic lqd-highlight-grow-left p\"  > Sublima i tuoi spazi interni con rivestimenti di pavimenti e piastrelle posati impeccabilmente da Ghibici Construction. Che tu voglia ristrutturare una stanza, uniformare i pavimenti della tua casa o aggiungere un tocco di stile unico, la nostra esperienza garantisce risultati che combinano estetica, durata e comfort.<\/p>\t\t<\/div>\n\n\t\t\t\t<\/div>\n\t\t\t\t<\/div>\n\t\t\t\t<div class=\"elementor-element elementor-element-25e7b64c elementor-widget elementor-widget-spacer\" data-id=\"25e7b64c\" data-element_type=\"widget\" data-widget_type=\"spacer.default\">\n\t\t\t\t<div class=\"elementor-widget-container\">\n\t\t\t\t\t<div class=\"elementor-spacer\">\n\t\t\t<div class=\"elementor-spacer-inner\"><\/div>\n\t\t<\/div>\n\t\t\t\t<\/div>\n\t\t\t\t<\/div>\n\t\t\t\t<div class=\"elementor-element elementor-element-f92c65e elementor-widget elementor-widget-ld_button\" data-id=\"f92c65e\" data-element_type=\"widget\" data-widget_type=\"ld_button.default\">\n\t\t\t\t<div class=\"elementor-widget-container\">\n\t\t\t\n\t\t\t<a\n\t\t\t\tclass=\"elementor-button btn btn-solid btn-icon-right btn-has-label\" data-lqd-lity=\"#modal-1432\" href=\"#modal-1432\"\t\t\t>\n\t\t\t\t\t\t\t\t\t<span data-text=\"Commencez votre projet\" class=\"btn-txt\">\n\t\t\t\t\t\tInizia il tuo progetto\t\t\t\t\t<\/span>\n\t\t\t\t\t\t\t\t\t\t\t\t\t\t<span class=\"btn-icon\">\n\t\t\t\t\t\t\t<svg xmlns=\"http:\/\/www.w3.org\/2000\/svg\" width=\"18\" height=\"16\" viewbox=\"0 0 18 16\" fill=\"none\"><path d=\"M16.5 8.33105H1.5\" stroke=\"white\" stroke-width=\"1.25\" stroke-linecap=\"round\" stroke-linejoin=\"round\"><\/path><path d=\"M14 10.8311L16.5 8.33105L14 5.83105\" stroke=\"white\" stroke-width=\"1.25\" stroke-linecap=\"round\" stroke-linejoin=\"round\"><\/path><\/svg>\t\t\t\t\t\t<\/span>\n\t\t\t\t\t\t\t\t\t<\/a>\n\t\t\t\t\t<\/div>\n\t\t\t\t<\/div>\n\t\t\t\t\t<\/div>\n\t\t\t\t<\/div>\n\t\t<div class=\"elementor-element elementor-element-3096c02a e-flex e-con-boxed e-con e-parent\" data-id=\"3096c02a\" data-element_type=\"container\">\n\t\t\t\t\t<div class=\"e-con-inner\">\n\t\t\t\t<div class=\"elementor-element elementor-element-529c153 elementor-widget elementor-widget-hub_fancy_heading\" data-id=\"529c153\" data-element_type=\"widget\" data-widget_type=\"hub_fancy_heading.default\">\n\t\t\t\t<div class=\"elementor-widget-container\">\n\t\t\t\n\t\t<div id=\"ld-fancy-heading-69ec086de0e28\" class=\"ld-fancy-heading pos-rel\">\n\t\t\t<p class=\"ld-fh-element d-inline-block pos-rel  lqd-highlight-classic lqd-highlight-grow-left p\"  > <strong>I nostri servizi per pavimenti e piastrelle includono:<\/strong><br><\/p>\t\t<\/div>\n\n\t\t\t\t<\/div>\n\t\t\t\t<\/div>\n\t\t\t\t<div class=\"elementor-element elementor-element-4b96e540 elementor-widget elementor-widget-text-editor\" data-id=\"4b96e540\" data-element_type=\"widget\" data-widget_type=\"text-editor.default\">\n\t\t\t\t<div class=\"elementor-widget-container\">\n\t\t\t\t\t\t\t<ul><li><p class=\" translation-block\"><strong>Posa di piastrelle<\/strong><br>\nDalle piastrelle classiche ai design contemporanei, vi aiutiamo a scegliere i modelli adatti ai vostri gusti e all'uso di ogni stanza, garantendo una posa accurata e durevole.<\/p><\/li><li><p class=\" translation-block\"><strong>Rivestimenti per pavimenti moderni<\/strong><br>\nInstalliamo una vasta gamma di rivestimenti, come parquet laminato, vinile, cemento cerato o pietra naturale, per soddisfare le vostre esigenze estetiche e pratiche.<\/p><\/li><li><p class=\" translation-block\"><strong>Preparazione e livellamento delle superfici<\/strong><br>\nGarantiamo una base solida e perfettamente piana prima di ogni installazione, per pavimenti stabili e resistenti nel tempo.<\/p><\/li><li><p class=\" translation-block\"><strong>Soluzioni per ambienti specifici<\/strong><br>\nChe si tratti di cucine, bagni o terrazze, utilizziamo materiali adatti (antiscivolo, idrorepellenti o resistenti alle intemperie) per un risultato ottimale.<\/p><\/li><li><p class=\" translation-block\"><strong>Riparazioni e ristrutturazioni<\/strong><br>\nInterveniamo anche per riparare o ristrutturare pavimenti esistenti, sostituendo piastrelle danneggiate o rinnovando una superficie invecchiata.<\/p><\/li><\/ul>\t\t\t\t\t\t<\/div>\n\t\t\t\t<\/div>\n\t\t<div class=\"elementor-element elementor-element-688cb94d e-con-full e-flex e-con e-child\" data-id=\"688cb94d\" data-element_type=\"container\">\n\t\t\t\t<div class=\"elementor-element elementor-element-7921f10a elementor-widget elementor-widget-image\" data-id=\"7921f10a\" data-element_type=\"widget\" data-widget_type=\"image.default\">\n\t\t\t\t<div class=\"elementor-widget-container\">\n\t\t\t\t\t\t\t\t\t\t\t\t\t<img fetchpriority=\"high\" decoding=\"async\" width=\"780\" height=\"624\" src=\"https:\/\/ghibiciconstruction.lu\/wp-content\/uploads\/2024\/12\/4-2-1024x819.png\" class=\"attachment-large size-large wp-image-1007\" alt=\"\" srcset=\"https:\/\/ghibiciconstruction.lu\/wp-content\/uploads\/2024\/12\/4-2-1024x819.png 1024w, https:\/\/ghibiciconstruction.lu\/wp-content\/uploads\/2024\/12\/4-2-300x240.png 300w, https:\/\/ghibiciconstruction.lu\/wp-content\/uploads\/2024\/12\/4-2-1536x1229.png 1536w, https:\/\/ghibiciconstruction.lu\/wp-content\/uploads\/2024\/12\/4-2-700x560.png 700w, https:\/\/ghibiciconstruction.lu\/wp-content\/uploads\/2024\/12\/4-2-15x12.png 15w, https:\/\/ghibiciconstruction.lu\/wp-content\/uploads\/2024\/12\/4-2.png 1920w\" sizes=\"(max-width: 780px) 100vw, 780px\" \/>\t\t\t\t\t\t\t\t\t\t\t\t\t<\/div>\n\t\t\t\t<\/div>\n\t\t\t\t<div class=\"elementor-element elementor-element-645c0c0 elementor-widget elementor-widget-image\" data-id=\"645c0c0\" data-element_type=\"widget\" data-widget_type=\"image.default\">\n\t\t\t\t<div class=\"elementor-widget-container\">\n\t\t\t\t\t\t\t\t\t\t\t\t\t<img decoding=\"async\" width=\"780\" height=\"624\" src=\"data:image\/svg+xml;charset=utf-8,%3Csvg xmlns%3D&#039;http%3A%2F%2Fwww.w3.org%2F2000%2Fsvg&#039; viewBox%3D&#039;0 0 1024 819&#039;%2F%3E\" class=\"attachment-large size-large wp-image-1006 ld-lazyload\" alt=\"\" data-src=\"https:\/\/ghibiciconstruction.lu\/wp-content\/uploads\/2024\/12\/5-1-1024x819.png\" data-srcset=\"https:\/\/ghibiciconstruction.lu\/wp-content\/uploads\/2024\/12\/5-1-1024x819.png 1024w, https:\/\/ghibiciconstruction.lu\/wp-content\/uploads\/2024\/12\/5-1-300x240.png 300w, https:\/\/ghibiciconstruction.lu\/wp-content\/uploads\/2024\/12\/5-1-1536x1229.png 1536w, https:\/\/ghibiciconstruction.lu\/wp-content\/uploads\/2024\/12\/5-1-700x560.png 700w, https:\/\/ghibiciconstruction.lu\/wp-content\/uploads\/2024\/12\/5-1-15x12.png 15w, https:\/\/ghibiciconstruction.lu\/wp-content\/uploads\/2024\/12\/5-1.png 1920w\" data-sizes=\"(max-width: 780px) 100vw, 780px\" data-aspect=\"1.2503052503053\" \/>\t\t\t\t\t\t\t\t\t\t\t\t\t<\/div>\n\t\t\t\t<\/div>\n\t\t\t\t<\/div>\n\t\t\t\t<div class=\"elementor-element elementor-element-2a76dc6e elementor-widget elementor-widget-hub_fancy_heading\" data-id=\"2a76dc6e\" data-element_type=\"widget\" data-widget_type=\"hub_fancy_heading.default\">\n\t\t\t\t<div class=\"elementor-widget-container\">\n\t\t\t\n\t\t<div id=\"ld-fancy-heading-69ec086de13c4\" class=\"ld-fancy-heading pos-rel\">\n\t\t\t<p class=\"ld-fh-element d-inline-block pos-rel  lqd-highlight-classic lqd-highlight-grow-left p\"  > <strong>Perch\u00e9 scegliere Ghibici Construction per i vostri pavimenti e piastrelle?<\/strong><br><\/p>\t\t<\/div>\n\n\t\t\t\t<\/div>\n\t\t\t\t<\/div>\n\t\t\t\t<div class=\"elementor-element elementor-element-340bd762 elementor-widget elementor-widget-text-editor\" data-id=\"340bd762\" data-element_type=\"widget\" data-widget_type=\"text-editor.default\">\n\t\t\t\t<div class=\"elementor-widget-container\">\n\t\t\t\t\t\t\t<ul><li class=\" translation-block\"><strong>Finiture perfette:<\/strong> Ogni dettaglio viene curato per un risultato estetico e professionale.<\/li><li class=\" translation-block\"><strong>Materiali di qualit\u00e0:<\/strong> Lavoriamo con fornitori affidabili per garantire la durabilit\u00e0 dei vostri pavimenti.<\/li><li class=\" translation-block\"><strong>Consigli personalizzati:<\/strong> Vi guidiamo nella scelta dei materiali e design in base alle vostre esigenze e al vostro budget.<\/li><li class=\" translation-block\"><strong>Rapidit\u00e0 ed efficienza:<\/strong> Le nostre squadre garantiscono un'installazione rapida rispettando i tempi concordati.<\/li><\/ul>\t\t\t\t\t\t<\/div>\n\t\t\t\t<\/div>\n\t\t\t\t<div class=\"elementor-element elementor-element-25a42ca9 elementor-hidden-desktop elementor-hidden-tablet elementor-hidden-mobile elementor-widget elementor-widget-video\" data-id=\"25a42ca9\" data-element_type=\"widget\" data-settings=\"{&quot;youtube_url&quot;:&quot;https:\\\/\\\/www.youtube.com\\\/watch?v=XHOmBV4js_E&quot;,&quot;yt_privacy&quot;:&quot;yes&quot;,&quot;show_image_overlay&quot;:&quot;yes&quot;,&quot;image_overlay&quot;:{&quot;url&quot;:&quot;http:\\\/\\\/ghibiciconstruction.lu\\\/wp-content\\\/uploads\\\/2024\\\/11\\\/Image-47-1.jpg&quot;,&quot;id&quot;:155,&quot;size&quot;:&quot;&quot;,&quot;alt&quot;:&quot;&quot;,&quot;source&quot;:&quot;library&quot;},&quot;video_type&quot;:&quot;youtube&quot;,&quot;controls&quot;:&quot;yes&quot;}\" data-widget_type=\"video.default\">\n\t\t\t\t<div class=\"elementor-widget-container\">\n\t\t\t\t\t<div class=\"elementor-wrapper elementor-open-inline\">\n\t\t\t<div class=\"elementor-video\"><\/div>\t\t\t\t<div class=\"elementor-custom-embed-image-overlay\" style=\"background-image: url(https:\/\/ghibiciconstruction.lu\/wp-content\/uploads\/2024\/11\/Image-47-1.jpg);\">\n\t\t\t\t\t\t\t\t\t\t\t\t\t\t\t\t<div class=\"elementor-custom-embed-play\" role=\"button\" aria-label=\"Play Video\" tabindex=\"0\" data-no-translation-aria-label=\"\">\n\t\t\t\t\t\t\t<svg aria-hidden=\"true\" class=\"e-font-icon-svg e-eicon-play\" viewbox=\"0 0 1000 1000\" xmlns=\"http:\/\/www.w3.org\/2000\/svg\"><path d=\"M838 162C746 71 633 25 500 25 371 25 258 71 163 162 71 254 25 367 25 500 25 633 71 746 163 837 254 929 367 979 500 979 633 979 746 933 838 837 929 746 975 633 975 500 975 367 929 254 838 162M808 192C892 279 933 379 933 500 933 621 892 725 808 808 725 892 621 938 500 938 379 938 279 896 196 808 113 725 67 621 67 500 67 379 108 279 196 192 279 108 383 62 500 62 621 62 721 108 808 192M438 392V642L642 517 438 392Z\"><\/path><\/svg>\t\t\t\t\t\t\t<span class=\"elementor-screen-only\" data-no-translation=\"\" data-trp-gettext=\"\">Play Video<\/span>\n\t\t\t\t\t\t<\/div>\n\t\t\t\t\t\t\t\t\t<\/div>\n\t\t\t\t\t<\/div>\n\t\t\t\t<\/div>\n\t\t\t\t<\/div>\n\t\t\t\t<div class=\"elementor-element elementor-element-3901c5b elementor-widget elementor-widget-hub_fancy_heading\" data-id=\"3901c5b\" data-element_type=\"widget\" data-widget_type=\"hub_fancy_heading.default\">\n\t\t\t\t<div class=\"elementor-widget-container\">\n\t\t\t\n\t\t<div id=\"ld-fancy-heading-69ec086de195a\" class=\"ld-fancy-heading pos-rel\">\n\t\t\t<p class=\"ld-fh-element d-inline-block pos-rel  lqd-highlight-classic lqd-highlight-grow-left p\"  > <strong>Create spazi armoniosi ed eleganti<\/strong><br><\/p>\t\t<\/div>\n\n\t\t\t\t<\/div>\n\t\t\t\t<\/div>\n\t\t\t\t<div class=\"elementor-element elementor-element-1f64f27d elementor-widget elementor-widget-text-editor\" data-id=\"1f64f27d\" data-element_type=\"widget\" data-widget_type=\"text-editor.default\">\n\t\t\t\t<div class=\"elementor-widget-container\">\n\t\t\t\t\t\t\t<p>Affidateci la ristrutturazione o la posa dei vostri pavimenti e piastrelle per trasformare i vostri ambienti in spazi accoglienti e di stile.\u00a0<\/p><p class=\" translation-block\"><strong>Con Ghibici Construction<\/strong>, beneficiate di un'esperienza riconosciuta e di un accompagnamento personalizzato per ogni progetto.<br><\/p><p><strong><strong>Contattateci oggi per discutere delle vostre esigenze e ottenere un preventivo gratuito!<\/strong><\/strong><\/p>\t\t\t\t\t\t<\/div>\n\t\t\t\t<\/div>\n\t\t\t\t\t<\/div>\n\t\t\t\t<\/div>\n\t\t<div class=\"elementor-element elementor-element-41808351 e-flex e-con-boxed e-con e-parent\" data-id=\"41808351\" data-element_type=\"container\" data-settings=\"{&quot;background_background&quot;:&quot;classic&quot;}\">\n\t\t\t\t\t<div class=\"e-con-inner\">\n\t\t<div class=\"elementor-element elementor-element-58e7f709 e-con-full e-flex e-con e-child\" data-id=\"58e7f709\" data-element_type=\"container\" data-settings=\"{&quot;background_background&quot;:&quot;classic&quot;}\">\n\t\t<div class=\"elementor-element elementor-element-209fdaa3 e-con-full e-flex e-con e-child\" data-id=\"209fdaa3\" data-element_type=\"container\">\n\t\t\t\t<div class=\"elementor-element elementor-element-4884328b elementor-widget elementor-widget-wpforms\" data-id=\"4884328b\" data-element_type=\"widget\" data-widget_type=\"wpforms.default\">\n\t\t\t\t<div class=\"elementor-widget-container\">\n\t\t\t<style id=\"wpforms-css-vars-root\">\n\t\t\t\t:root {\n\t\t\t\t\t--wpforms-field-border-radius: 3px;\n--wpforms-field-border-style: solid;\n--wpforms-field-border-size: 1px;\n--wpforms-field-background-color: #ffffff;\n--wpforms-field-border-color: rgba( 0, 0, 0, 0.25 );\n--wpforms-field-border-color-spare: rgba( 0, 0, 0, 0.25 );\n--wpforms-field-text-color: rgba( 0, 0, 0, 0.7 );\n--wpforms-field-menu-color: #ffffff;\n--wpforms-label-color: rgba( 0, 0, 0, 0.85 );\n--wpforms-label-sublabel-color: rgba( 0, 0, 0, 0.55 );\n--wpforms-label-error-color: #d63637;\n--wpforms-button-border-radius: 3px;\n--wpforms-button-border-style: none;\n--wpforms-button-border-size: 1px;\n--wpforms-button-background-color: #066aab;\n--wpforms-button-border-color: #066aab;\n--wpforms-button-text-color: #ffffff;\n--wpforms-page-break-color: #066aab;\n--wpforms-background-image: none;\n--wpforms-background-position: center center;\n--wpforms-background-repeat: no-repeat;\n--wpforms-background-size: cover;\n--wpforms-background-width: 100px;\n--wpforms-background-height: 100px;\n--wpforms-background-color: rgba( 0, 0, 0, 0 );\n--wpforms-background-url: none;\n--wpforms-container-padding: 0px;\n--wpforms-container-border-style: none;\n--wpforms-container-border-width: 1px;\n--wpforms-container-border-color: #000000;\n--wpforms-container-border-radius: 3px;\n--wpforms-field-size-input-height: 43px;\n--wpforms-field-size-input-spacing: 15px;\n--wpforms-field-size-font-size: 16px;\n--wpforms-field-size-line-height: 19px;\n--wpforms-field-size-padding-h: 14px;\n--wpforms-field-size-checkbox-size: 16px;\n--wpforms-field-size-sublabel-spacing: 5px;\n--wpforms-field-size-icon-size: 1;\n--wpforms-label-size-font-size: 16px;\n--wpforms-label-size-line-height: 19px;\n--wpforms-label-size-sublabel-font-size: 14px;\n--wpforms-label-size-sublabel-line-height: 17px;\n--wpforms-button-size-font-size: 17px;\n--wpforms-button-size-height: 41px;\n--wpforms-button-size-padding-h: 15px;\n--wpforms-button-size-margin-top: 10px;\n--wpforms-container-shadow-size-box-shadow: none;\n\n\t\t\t\t}\n\t\t\t<\/style><style id=\"wpforms-css-vars-elementor-widget-4884328b\">\n\t\t\t\t.elementor-widget-wpforms.elementor-element-4884328b {\n\t\t\t\t\t--wpforms-field-border-radius: 0px;\n--wpforms-field-border-color: #E1DFDF;\n--wpforms-field-border-color-spare: #E1DFDF;\n--wpforms-field-text-color: #64646480;\n--wpforms-label-color: #060504;\n--wpforms-label-sublabel-color: #060504CC;\n--wpforms-button-border-radius: 0px;\n--wpforms-button-background-color: #060504;\n--wpforms-field-size-input-height: 50px;\n--wpforms-field-size-input-spacing: 20px;\n--wpforms-field-size-font-size: 18px;\n--wpforms-field-size-line-height: 21px;\n--wpforms-field-size-padding-h: 14px;\n--wpforms-field-size-checkbox-size: 18px;\n--wpforms-field-size-sublabel-spacing: 10px;\n--wpforms-field-size-icon-size: 1.25;\n--wpforms-label-size-font-size: 16px;\n--wpforms-label-size-line-height: 19px;\n--wpforms-label-size-sublabel-font-size: 14px;\n--wpforms-label-size-sublabel-line-height: 17px;\n--wpforms-button-size-font-size: 20px;\n--wpforms-button-size-height: 48px;\n--wpforms-button-size-padding-h: 20px;\n--wpforms-button-size-margin-top: 15px;\n\n\t\t\t\t}\n\t\t\t<\/style><div class=\"wpforms-container wpforms-container-full wpforms-render-modern\" id=\"wpforms-183\"><form id=\"wpforms-form-183\" class=\"wpforms-validate wpforms-form wpforms-ajax-form\" data-formid=\"183\" method=\"post\" enctype=\"multipart\/form-data\" action=\"\/wp-json\/wp\/v2\/pages\/996\" data-token=\"69d6cba5aad45c6417074f6376466044\" data-token-time=\"1777076333\" data-trp-original-action=\"\/it\/wp-json\/wp\/v2\/pages\/996\"><div class=\"wpforms-head-container\"><div class=\"wpforms-title\">Inizia il tuo progetto<\/div><div class=\"wpforms-description\">Siamo a tua disposizione. \nHai domande o un progetto in mente? \nLasciaci un messaggio e ti risponderemo al pi\u00f9 presto! \nSaremo lieti di collaborare con te per dare vita alle tue idee. \nContattaci oggi stesso per discutere delle tue esigenze.<\/div><\/div><noscript class=\"wpforms-error-noscript\">Abilita JavaScript nel browser per completare questo modulo.<\/noscript><div class=\"wpforms-hidden\" id=\"wpforms-error-noscript\">Abilita JavaScript nel browser per completare questo modulo.<\/div><div class=\"wpforms-field-container\"><div id=\"wpforms-183-field_6-container\" class=\"wpforms-field wpforms-field-layout\" data-field-id=\"6\"><div class=\"wpforms-field-layout-rows wpforms-field-large\"><div class=\"wpforms-layout-row\"><div class=\"wpforms-layout-column wpforms-layout-column-50\"><div id=\"wpforms-183-field_5-container\" class=\"wpforms-field wpforms-field-text\" data-field-id=\"5\"><label class=\"wpforms-field-label\" for=\"wpforms-183-field_5\">Nome<\/label><input type=\"text\" id=\"wpforms-183-field_5\" class=\"wpforms-field-medium\" name=\"wpforms[fields][5]\" placeholder=\"Inserisci il tuo nome\" aria-errormessage=\"wpforms-183-field_5-error\" ><\/div><\/div><div class=\"wpforms-layout-column wpforms-layout-column-50\"><div id=\"wpforms-183-field_7-container\" class=\"wpforms-field wpforms-field-text\" data-field-id=\"7\"><label class=\"wpforms-field-label\" for=\"wpforms-183-field_7\">Cognome<\/label><input type=\"text\" id=\"wpforms-183-field_7\" class=\"wpforms-field-medium\" name=\"wpforms[fields][7]\" placeholder=\"Inserisci il tuo cognome\" aria-errormessage=\"wpforms-183-field_7-error\" ><\/div><\/div><\/div><div class=\"wpforms-layout-row\"><div class=\"wpforms-layout-column wpforms-layout-column-50\"><div id=\"wpforms-183-field_2-container\" class=\"wpforms-field wpforms-field-email\" data-field-id=\"2\"><label class=\"wpforms-field-label\" for=\"wpforms-183-field_2\">Email <span class=\"wpforms-required-label\" aria-hidden=\"true\">*<\/span><\/label><input type=\"email\" id=\"wpforms-183-field_2\" class=\"wpforms-field-medium wpforms-field-required\" name=\"wpforms[fields][2]\" placeholder=\"Inserisci la tua email\" spellcheck=\"false\" aria-errormessage=\"wpforms-183-field_2-error\" required><\/div><\/div><div class=\"wpforms-layout-column wpforms-layout-column-50\"><div id=\"wpforms-183-field_8-container\" class=\"wpforms-field wpforms-field-phone\" data-field-id=\"8\"><label class=\"wpforms-field-label\" for=\"wpforms-183-field_8\">Telefono <span class=\"wpforms-required-label\" aria-hidden=\"true\">*<\/span><\/label><input type=\"tel\" id=\"wpforms-183-field_8\" class=\"wpforms-field-medium wpforms-field-required\" data-rule-int-phone-field=\"true\" name=\"wpforms[fields][8]\" placeholder=\"Inserisci il tuo numero di telefono\" aria-label=\"Telefono\" aria-errormessage=\"wpforms-183-field_8-error\" required><\/div><\/div><\/div><\/div><\/div><div id=\"wpforms-183-field_3-container\" class=\"wpforms-field wpforms-field-textarea\" data-field-id=\"3\"><label class=\"wpforms-field-label\" for=\"wpforms-183-field_3\">Il tuo messaggio<\/label><textarea id=\"wpforms-183-field_3\" class=\"wpforms-field-medium\" name=\"wpforms[fields][3]\" placeholder=\"Inserisci i tuoi pensieri\" aria-errormessage=\"wpforms-183-field_3-error\" ><\/textarea><\/div><div id=\"wpforms-183-field_9-container\" class=\"wpforms-field wpforms-field-payment-checkbox\" data-field-id=\"9\"><fieldset><legend class=\"wpforms-field-label wpforms-label-hide\" aria-hidden=\"false\">Accept <span class=\"wpforms-required-label\" aria-hidden=\"true\">*<\/span><\/legend><ul id=\"wpforms-183-field_9\" class=\"wpforms-field-required\"><li class=\"choice-1\"><input type=\"checkbox\" id=\"wpforms-183-field_9_1\" class=\"wpforms-payment-price\" data-amount=\"0.00\" name=\"wpforms[fields][9][]\" value=\"1\" aria-errormessage=\"wpforms-183-field_9_1-error\" required><label class=\"wpforms-field-label-inline\" for=\"wpforms-183-field_9_1\">Ho letto e accettato l\u2019informativa sulla privacy<\/label><\/li><\/ul><\/fieldset><\/div><\/div><!-- .wpforms-field-container --><div class=\"wpforms-recaptcha-container wpforms-is-recaptcha wpforms-is-recaptcha-type-v2\" ><div class=\"g-recaptcha\" data-sitekey=\"6LftF_MqAAAAAFFVaMDVQvw-d0eEi8e8MfFGBrsT\"><\/div><input type=\"text\" name=\"g-recaptcha-hidden\" class=\"wpforms-recaptcha-hidden\" style=\"position:absolute!important;clip:rect(0,0,0,0)!important;height:1px!important;width:1px!important;border:0!important;overflow:hidden!important;padding:0!important;margin:0!important;\" data-rule-recaptcha=\"1\"><\/div><div class=\"wpforms-submit-container\" ><input type=\"hidden\" name=\"wpforms[id]\" value=\"183\"><input type=\"hidden\" name=\"page_title\" value=\"\"><input type=\"hidden\" name=\"page_url\" value=\"https:\/\/ghibiciconstruction.lu\/it\/wp-json\/wp\/v2\/pages\/996\"><button type=\"submit\" name=\"wpforms[submit]\" id=\"wpforms-submit-183\" class=\"wpforms-submit\" data-alt-text=\"Envoi...\" data-submit-text=\"D\u00e9posez votre demande\" aria-live=\"assertive\" value=\"wpforms-submit\">Invia la tua richiesta<\/button><img decoding=\"async\" src=\"https:\/\/ghibiciconstruction.lu\/wp-content\/plugins\/wpforms\/assets\/images\/submit-spin.svg\" class=\"wpforms-submit-spinner\" style=\"display: none;\" width=\"26\" height=\"26\" alt=\"Caricamento\"><\/div><input type=\"hidden\" name=\"trp-form-language\" value=\"it\"\/><\/form><\/div>  <!-- .wpforms-container -->\t\t<\/div>\n\t\t\t\t<\/div>\n\t\t\t\t<\/div>\n\t\t<div class=\"elementor-element elementor-element-3c8b3682 e-con-full e-flex e-con e-child\" data-id=\"3c8b3682\" data-element_type=\"container\" data-settings=\"{&quot;background_background&quot;:&quot;classic&quot;}\">\n\t\t\t\t<div class=\"elementor-element elementor-element-1352b681 elementor-absolute elementor-hidden-mobile elementor-widget elementor-widget-image\" data-id=\"1352b681\" data-element_type=\"widget\" data-settings=\"{&quot;_position&quot;:&quot;absolute&quot;}\" data-widget_type=\"image.default\">\n\t\t\t\t<div class=\"elementor-widget-container\">\n\t\t\t\t\t\t\t\t\t\t\t\t\t<img loading=\"lazy\" decoding=\"async\" width=\"150\" height=\"150\" src=\"https:\/\/ghibiciconstruction.lu\/wp-content\/uploads\/2024\/11\/Design-1.svg\" class=\"attachment-full size-full wp-image-342\" alt=\"\" \/>\t\t\t\t\t\t\t\t\t\t\t\t\t<\/div>\n\t\t\t\t<\/div>\n\t\t\t\t<\/div>\n\t\t\t\t<\/div>\n\t\t\t\t\t<\/div>\n\t\t\t\t<\/div>\n\t\t\t\t<\/div>","protected":false},"excerpt":{"rendered":"<p>Sols et carrelage Sublimez vos espaces int\u00e9rieurs avec des rev\u00eatements de sols et carrelages impeccablement pos\u00e9s par Ghibici Construction. Que vous souhaitiez r\u00e9nover une pi\u00e8ce, uniformiser les sols de votre maison ou ajouter une touche de style unique, notre expertise garantit des r\u00e9sultats qui combinent esth\u00e9tique, durabilit\u00e9 et confort. Commencez votre projet Nos services pour [&hellip;]<\/p>","protected":false},"author":2,"featured_media":0,"parent":418,"menu_order":0,"comment_status":"closed","ping_status":"closed","template":"","meta":{"_acf_changed":false,"footnotes":""},"class_list":["post-996","page","type-page","status-publish","hentry"],"acf":[],"_links":{"self":[{"href":"https:\/\/ghibiciconstruction.lu\/it\/wp-json\/wp\/v2\/pages\/996","targetHints":{"allow":["GET"]}}],"collection":[{"href":"https:\/\/ghibiciconstruction.lu\/it\/wp-json\/wp\/v2\/pages"}],"about":[{"href":"https:\/\/ghibiciconstruction.lu\/it\/wp-json\/wp\/v2\/types\/page"}],"author":[{"embeddable":true,"href":"https:\/\/ghibiciconstruction.lu\/it\/wp-json\/wp\/v2\/users\/2"}],"replies":[{"embeddable":true,"href":"https:\/\/ghibiciconstruction.lu\/it\/wp-json\/wp\/v2\/comments?post=996"}],"version-history":[{"count":3,"href":"https:\/\/ghibiciconstruction.lu\/it\/wp-json\/wp\/v2\/pages\/996\/revisions"}],"predecessor-version":[{"id":1542,"href":"https:\/\/ghibiciconstruction.lu\/it\/wp-json\/wp\/v2\/pages\/996\/revisions\/1542"}],"up":[{"embeddable":true,"href":"https:\/\/ghibiciconstruction.lu\/it\/wp-json\/wp\/v2\/pages\/418"}],"wp:attachment":[{"href":"https:\/\/ghibiciconstruction.lu\/it\/wp-json\/wp\/v2\/media?parent=996"}],"curies":[{"name":"wp","href":"https:\/\/api.w.org\/{rel}","templated":true}]}}